{"id":99,"date":"2025-07-08T12:42:38","date_gmt":"2025-07-08T12:42:38","guid":{"rendered":"https:\/\/conseilproject-monaco.com\/?page_id=99"},"modified":"2025-08-20T14:58:10","modified_gmt":"2025-08-20T14:58:10","slug":"nos-realisations","status":"publish","type":"page","link":"https:\/\/conseilproject-monaco.com\/?page_id=99","title":{"rendered":"NOS R\u00c9ALISATIONS"},"content":{"rendered":"\t\t<div data-elementor-type=\"wp-page\" data-elementor-id=\"99\" class=\"elementor elementor-99\" data-elementor-post-type=\"page\">\n\t\t\t\t<div class=\"elementor-element elementor-element-955e958 e-flex e-con-boxed e-con e-parent\" data-id=\"955e958\" data-element_type=\"container\" data-e-type=\"container\" data-settings=\"{&quot;background_background&quot;:&quot;classic&quot;}\">\n\t\t\t\t\t<div class=\"e-con-inner\">\n\t\t\t\t<div class=\"elementor-element elementor-element-b0601ab elementor-widget elementor-widget-heading\" data-id=\"b0601ab\" data-element_type=\"widget\" data-e-type=\"widget\" data-widget_type=\"heading.default\">\n\t\t\t\t<div class=\"elementor-widget-container\">\n\t\t\t\t\t<h2 class=\"elementor-heading-title elementor-size-default\"> NOS REALISATIONS <\/h2>\t\t\t\t<\/div>\n\t\t\t\t<\/div>\n\t\t\t\t<div class=\"elementor-element elementor-element-9b14e17 elementor-widget elementor-widget-text-editor\" data-id=\"9b14e17\" data-element_type=\"widget\" data-e-type=\"widget\" data-widget_type=\"text-editor.default\">\n\t\t\t\t<div class=\"elementor-widget-container\">\n\t\t\t\t\t\t\t\t\t<p>Votre projet est pr\u00e9cieux. Confiez-le \u00e0 CONSEIL PROJECT, votre alli\u00e9 de confiance.<\/p>\t\t\t\t\t\t\t\t<\/div>\n\t\t\t\t<\/div>\n\t\t\t\t\t<\/div>\n\t\t\t\t<\/div>\n\t\t<div class=\"elementor-element elementor-element-d34fd40 e-flex e-con-boxed e-con e-parent\" data-id=\"d34fd40\" data-element_type=\"container\" data-e-type=\"container\" data-settings=\"{&quot;background_background&quot;:&quot;classic&quot;}\">\n\t\t\t\t\t<div class=\"e-con-inner\">\n\t\t\t\t<div class=\"elementor-element elementor-element-ef3d3f8 elementor-widget elementor-widget-heading\" data-id=\"ef3d3f8\" data-element_type=\"widget\" data-e-type=\"widget\" data-widget_type=\"heading.default\">\n\t\t\t\t<div class=\"elementor-widget-container\">\n\t\t\t\t\t<h2 class=\"elementor-heading-title elementor-size-default\">Notre savoir-faire en images<\/h2>\t\t\t\t<\/div>\n\t\t\t\t<\/div>\n\t\t\t\t<div class=\"elementor-element elementor-element-d68799d elementor-widget elementor-widget-text-editor\" data-id=\"d68799d\" data-element_type=\"widget\" data-e-type=\"widget\" data-widget_type=\"text-editor.default\">\n\t\t\t\t<div class=\"elementor-widget-container\">\n\t\t\t\t\t\t\t\t\t<p>Nous proposons un ensemble de missions modulables, nous permettant d\u2019intervenir \u00e0 une ou plusieurs \u00e9tapes de votre projet, ou de vous accompagner dans sa globalit\u00e9.\u00a0<\/p><p>Cette flexibilit\u00e9 nous permet d\u2019int\u00e9grer tous types de projets\u2028 et de vous offrir un accompagnement sur mesure.\u00a0<\/p><p>Nous pouvons \u00e9galement d\u00e9finir ensemble des missions personnalis\u00e9es, enti\u00e8rement adapt\u00e9es \u00e0 la singularit\u00e9 de votre projet et \u00e0 vos besoins<\/p>\t\t\t\t\t\t\t\t<\/div>\n\t\t\t\t<\/div>\n\t\t<div class=\"elementor-element elementor-element-fc9e9f8 e-grid e-con-full e-con e-child\" data-id=\"fc9e9f8\" data-element_type=\"container\" data-e-type=\"container\">\n\t\t<div class=\"elementor-element elementor-element-5621d2f e-con-full e-flex e-con e-child\" data-id=\"5621d2f\" data-element_type=\"container\" data-e-type=\"container\" data-settings=\"{&quot;background_background&quot;:&quot;classic&quot;}\">\n\t\t\t\t<div class=\"elementor-element elementor-element-c83ec8c elementor-widget elementor-widget-heading\" data-id=\"c83ec8c\" data-element_type=\"widget\" data-e-type=\"widget\" data-widget_type=\"heading.default\">\n\t\t\t\t<div class=\"elementor-widget-container\">\n\t\t\t\t\t<h2 class=\"elementor-heading-title elementor-size-default\">La Clinique Monte-Carlo<\/h2>\t\t\t\t<\/div>\n\t\t\t\t<\/div>\n\t\t\t\t<div class=\"elementor-element elementor-element-3c675d4 elementor-widget elementor-widget-text-editor\" data-id=\"3c675d4\" data-element_type=\"widget\" data-e-type=\"widget\" data-widget_type=\"text-editor.default\">\n\t\t\t\t<div class=\"elementor-widget-container\">\n\t\t\t\t\t\t\t\t\t<p class=\"p1\">Conception, am\u00e9nagement et pilotage de l\u2019ex\u00e9cution de la clinique priv\u00e9e implant\u00e9e en Principaut\u00e9 de Monaco, avec une coordination rigoureuse des \u00e9quipes, le respect des normes sanitaires les plus strictes et une attention particuli\u00e8re port\u00e9e au confort et \u00e0 l\u2019exp\u00e9rience des patients.<\/p>\t\t\t\t\t\t\t\t<\/div>\n\t\t\t\t<\/div>\n\t\t\t\t<div class=\"elementor-element elementor-element-ee22743 elementor-widget elementor-widget-heading\" data-id=\"ee22743\" data-element_type=\"widget\" data-e-type=\"widget\" data-widget_type=\"heading.default\">\n\t\t\t\t<div class=\"elementor-widget-container\">\n\t\t\t\t\t<h2 class=\"elementor-heading-title elementor-size-default\">En savoir plus<\/h2>\t\t\t\t<\/div>\n\t\t\t\t<\/div>\n\t\t\t\t<\/div>\n\t\t<div class=\"elementor-element elementor-element-690ac77 e-con-full e-flex e-con e-child\" data-id=\"690ac77\" data-element_type=\"container\" data-e-type=\"container\" data-settings=\"{&quot;background_background&quot;:&quot;classic&quot;}\">\n\t\t\t\t<\/div>\n\t\t<div class=\"elementor-element elementor-element-f6735a8 e-con-full e-flex e-con e-child\" data-id=\"f6735a8\" data-element_type=\"container\" data-e-type=\"container\" data-settings=\"{&quot;background_background&quot;:&quot;classic&quot;}\">\n\t\t\t\t<\/div>\n\t\t<div class=\"elementor-element elementor-element-589887b e-con-full e-flex e-con e-child\" data-id=\"589887b\" data-element_type=\"container\" data-e-type=\"container\" data-settings=\"{&quot;background_background&quot;:&quot;classic&quot;}\">\n\t\t\t\t<\/div>\n\t\t<div class=\"elementor-element elementor-element-b8f7cc9 e-con-full e-flex e-con e-child\" data-id=\"b8f7cc9\" data-element_type=\"container\" data-e-type=\"container\" data-settings=\"{&quot;background_background&quot;:&quot;classic&quot;}\">\n\t\t\t\t<div class=\"elementor-element elementor-element-167f9de elementor-widget elementor-widget-heading\" data-id=\"167f9de\" data-element_type=\"widget\" data-e-type=\"widget\" data-widget_type=\"heading.default\">\n\t\t\t\t<div class=\"elementor-widget-container\">\n\t\t\t\t\t<h2 class=\"elementor-heading-title elementor-size-default\">Villa Priv\u00e9e - Mareterra<\/h2>\t\t\t\t<\/div>\n\t\t\t\t<\/div>\n\t\t\t\t<div class=\"elementor-element elementor-element-8bd8d24 elementor-widget elementor-widget-text-editor\" data-id=\"8bd8d24\" data-element_type=\"widget\" data-e-type=\"widget\" data-widget_type=\"text-editor.default\">\n\t\t\t\t<div class=\"elementor-widget-container\">\n\t\t\t\t\t\t\t\t\t<p class=\"p1\">Accompagnant de confiance des propri\u00e9taires, pour une mission sur mesure pour r\u00e9pondre aux besoins r\u00e9els de nos clients. Analyse et n\u00e9gociations d\u00e9taill\u00e9es de devis, suivi attentif de l\u2019ex\u00e9cution et contr\u00f4le technique rigoureux des installations dans l\u2019int\u00e9r\u00eat direct des futurs habitants.<\/p>\t\t\t\t\t\t\t\t<\/div>\n\t\t\t\t<\/div>\n\t\t\t\t<div class=\"elementor-element elementor-element-4360c3a elementor-widget elementor-widget-heading\" data-id=\"4360c3a\" data-element_type=\"widget\" data-e-type=\"widget\" data-widget_type=\"heading.default\">\n\t\t\t\t<div class=\"elementor-widget-container\">\n\t\t\t\t\t<h2 class=\"elementor-heading-title elementor-size-default\"><a href=\"https:\/\/mareterra.com\/fr\/\">En savoir plus<\/a><\/h2>\t\t\t\t<\/div>\n\t\t\t\t<\/div>\n\t\t\t\t<\/div>\n\t\t<div class=\"elementor-element elementor-element-a9e6bd3 e-con-full e-flex e-con e-child\" data-id=\"a9e6bd3\" data-element_type=\"container\" data-e-type=\"container\" data-settings=\"{&quot;background_background&quot;:&quot;classic&quot;}\">\n\t\t\t\t<\/div>\n\t\t<div class=\"elementor-element elementor-element-9d128c5 e-con-full e-flex e-con e-child\" data-id=\"9d128c5\" data-element_type=\"container\" data-e-type=\"container\" data-settings=\"{&quot;background_background&quot;:&quot;classic&quot;}\">\n\t\t\t\t<\/div>\n\t\t<div class=\"elementor-element elementor-element-5fbfc15 e-con-full e-flex e-con e-child\" data-id=\"5fbfc15\" data-element_type=\"container\" data-e-type=\"container\" data-settings=\"{&quot;background_background&quot;:&quot;classic&quot;}\">\n\t\t\t\t<\/div>\n\t\t<div class=\"elementor-element elementor-element-99eb1ad e-con-full e-flex e-con e-child\" data-id=\"99eb1ad\" data-element_type=\"container\" data-e-type=\"container\" data-settings=\"{&quot;background_background&quot;:&quot;classic&quot;}\">\n\t\t\t\t<div class=\"elementor-element elementor-element-5afa92d elementor-widget elementor-widget-heading\" data-id=\"5afa92d\" data-element_type=\"widget\" data-e-type=\"widget\" data-widget_type=\"heading.default\">\n\t\t\t\t<div class=\"elementor-widget-container\">\n\t\t\t\t\t<h2 class=\"elementor-heading-title elementor-size-default\">Accompagnement client priv\u00e9<\/h2>\t\t\t\t<\/div>\n\t\t\t\t<\/div>\n\t\t\t\t<div class=\"elementor-element elementor-element-2f21ef6 elementor-widget elementor-widget-text-editor\" data-id=\"2f21ef6\" data-element_type=\"widget\" data-e-type=\"widget\" data-widget_type=\"text-editor.default\">\n\t\t\t\t<div class=\"elementor-widget-container\">\n\t\t\t\t\t\t\t\t\t<p class=\"p1\">Conseil Project a accompagn\u00e9 un client priv\u00e9 dans la r\u00e9novation compl\u00e8te d\u2019une petite maison. Du suivi des travaux \u00e0 la coordination des intervenants, chaque \u00e9tape a \u00e9t\u00e9 g\u00e9r\u00e9e avec soin pour offrir un projet sur mesure, respectueux des besoins et du style souhait\u00e9.<\/p>\t\t\t\t\t\t\t\t<\/div>\n\t\t\t\t<\/div>\n\t\t\t\t<\/div>\n\t\t<div class=\"elementor-element elementor-element-ec6d1a7 e-con-full e-flex e-con e-child\" data-id=\"ec6d1a7\" data-element_type=\"container\" data-e-type=\"container\" data-settings=\"{&quot;background_background&quot;:&quot;classic&quot;}\">\n\t\t\t\t<\/div>\n\t\t<div class=\"elementor-element elementor-element-21236c7 e-con-full e-flex e-con e-child\" data-id=\"21236c7\" data-element_type=\"container\" data-e-type=\"container\" data-settings=\"{&quot;background_background&quot;:&quot;classic&quot;}\">\n\t\t\t\t<\/div>\n\t\t<div class=\"elementor-element elementor-element-0bba328 e-con-full e-flex e-con e-child\" data-id=\"0bba328\" data-element_type=\"container\" data-e-type=\"container\" data-settings=\"{&quot;background_background&quot;:&quot;classic&quot;}\">\n\t\t\t\t<\/div>\n\t\t<div class=\"elementor-element elementor-element-693654b e-con-full e-flex e-con e-child\" data-id=\"693654b\" data-element_type=\"container\" data-e-type=\"container\" data-settings=\"{&quot;background_background&quot;:&quot;classic&quot;}\">\n\t\t\t\t<div class=\"elementor-element elementor-element-8873faa elementor-widget elementor-widget-heading\" data-id=\"8873faa\" data-element_type=\"widget\" data-e-type=\"widget\" data-widget_type=\"heading.default\">\n\t\t\t\t<div class=\"elementor-widget-container\">\n\t\t\t\t\t<h2 class=\"elementor-heading-title elementor-size-default\">Accompagnement client priv\u00e9<\/h2>\t\t\t\t<\/div>\n\t\t\t\t<\/div>\n\t\t\t\t<div class=\"elementor-element elementor-element-85f15cc elementor-widget elementor-widget-text-editor\" data-id=\"85f15cc\" data-element_type=\"widget\" data-e-type=\"widget\" data-widget_type=\"text-editor.default\">\n\t\t\t\t<div class=\"elementor-widget-container\">\n\t\t\t\t\t\t\t\t\t<p>Optimisation et r\u00e9novation d\u2019une salle de bain \u00e0 la suite d\u2019un d\u00e9g\u00e2t des eaux. Analyse des contraintes techniques, s\u00e9lection de mat\u00e9riaux adapt\u00e9s \u00e0 l\u2019humidit\u00e9, et coordination de l\u2019ensemble des corps d\u2019\u00e9tat pour assurer un r\u00e9sultat durable et esth\u00e9tique.<\/p>\t\t\t\t\t\t\t\t<\/div>\n\t\t\t\t<\/div>\n\t\t\t\t<\/div>\n\t\t<div class=\"elementor-element elementor-element-a7de5a8 e-con-full e-flex e-con e-child\" data-id=\"a7de5a8\" data-element_type=\"container\" data-e-type=\"container\" data-settings=\"{&quot;background_background&quot;:&quot;classic&quot;}\">\n\t\t\t\t<\/div>\n\t\t<div class=\"elementor-element elementor-element-ebf9d58 e-con-full e-flex e-con e-child\" data-id=\"ebf9d58\" data-element_type=\"container\" data-e-type=\"container\" data-settings=\"{&quot;background_background&quot;:&quot;classic&quot;}\">\n\t\t\t\t<\/div>\n\t\t<div class=\"elementor-element elementor-element-ef4e259 e-con-full e-flex e-con e-child\" data-id=\"ef4e259\" data-element_type=\"container\" data-e-type=\"container\" data-settings=\"{&quot;background_background&quot;:&quot;classic&quot;}\">\n\t\t\t\t<\/div>\n\t\t<div class=\"elementor-element elementor-element-7782a5c e-con-full e-flex e-con e-child\" data-id=\"7782a5c\" data-element_type=\"container\" data-e-type=\"container\" data-settings=\"{&quot;background_background&quot;:&quot;classic&quot;}\">\n\t\t\t\t<div class=\"elementor-element elementor-element-f5c6fb9 elementor-widget elementor-widget-heading\" data-id=\"f5c6fb9\" data-element_type=\"widget\" data-e-type=\"widget\" data-widget_type=\"heading.default\">\n\t\t\t\t<div class=\"elementor-widget-container\">\n\t\t\t\t\t<h2 class=\"elementor-heading-title elementor-size-default\">Accompagnement client priv\u00e9<\/h2>\t\t\t\t<\/div>\n\t\t\t\t<\/div>\n\t\t\t\t<div class=\"elementor-element elementor-element-2335094 elementor-widget elementor-widget-text-editor\" data-id=\"2335094\" data-element_type=\"widget\" data-e-type=\"widget\" data-widget_type=\"text-editor.default\">\n\t\t\t\t<div class=\"elementor-widget-container\">\n\t\t\t\t\t\t\t\t\t<p class=\"p1\">Conseil Project a accompagn\u00e9 un client priv\u00e9 dans la r\u00e9novation compl\u00e8te d\u2019une petite maison, en assurant la conception, le suivi et la coordination des travaux afin d\u2019offrir un espace modernis\u00e9, fonctionnel et parfaitement adapt\u00e9 \u00e0 ses besoins.<\/p>\t\t\t\t\t\t\t\t<\/div>\n\t\t\t\t<\/div>\n\t\t\t\t<\/div>\n\t\t<div class=\"elementor-element elementor-element-2266c3d e-con-full e-flex e-con e-child\" data-id=\"2266c3d\" data-element_type=\"container\" data-e-type=\"container\" data-settings=\"{&quot;background_background&quot;:&quot;classic&quot;}\">\n\t\t\t\t<\/div>\n\t\t<div class=\"elementor-element elementor-element-47464da e-con-full e-flex e-con e-child\" data-id=\"47464da\" data-element_type=\"container\" data-e-type=\"container\" data-settings=\"{&quot;background_background&quot;:&quot;classic&quot;}\">\n\t\t\t\t<\/div>\n\t\t<div class=\"elementor-element elementor-element-510e6a3 e-con-full e-flex e-con e-child\" data-id=\"510e6a3\" data-element_type=\"container\" data-e-type=\"container\" data-settings=\"{&quot;background_background&quot;:&quot;classic&quot;}\">\n\t\t\t\t<\/div>\n\t\t\t\t<\/div>\n\t\t\t\t\t<\/div>\n\t\t\t\t<\/div>\n\t\t\t\t<\/div>\n\t\t","protected":false},"excerpt":{"rendered":"<p>NOS REALISATIONS Votre projet est pr\u00e9cieux. Confiez-le \u00e0 CONSEIL PROJECT, votre alli\u00e9 de confiance. Notre savoir-faire en images Nous proposons un ensemble de missions modulables, nous permettant d\u2019intervenir \u00e0 une ou plusieurs \u00e9tapes de votre projet, ou de vous accompagner dans sa globalit\u00e9.\u00a0 Cette flexibilit\u00e9 nous permet d\u2019int\u00e9grer tous types de projets\u2028 et de vous [&hellip;]<\/p>\n","protected":false},"author":1,"featured_media":0,"parent":0,"menu_order":0,"comment_status":"closed","ping_status":"closed","template":"","meta":{"footnotes":""},"class_list":["post-99","page","type-page","status-publish","hentry"],"yoast_head":"<!-- This site is optimized with the Yoast SEO plugin v27.3 - https:\/\/yoast.com\/product\/yoast-seo-wordpress\/ -->\n<title>NOS R\u00c9ALISATIONS - CONSEIL PROJECT<\/title>\n<meta name=\"description\" content=\"Conseil Project propose des missions modulables et personnalis\u00e9es, un accompagnement sur mesure et des r\u00e9alisations adapt\u00e9es \u00e0 chaque projet.\" \/>\n<meta name=\"robots\" content=\"index, follow, max-snippet:-1, max-image-preview:large, max-video-preview:-1\" \/>\n<link rel=\"canonical\" href=\"https:\/\/conseilproject-monaco.com\/?page_id=99\" \/>\n<meta property=\"og:locale\" content=\"fr_FR\" \/>\n<meta property=\"og:type\" content=\"article\" \/>\n<meta property=\"og:title\" content=\"NOS R\u00c9ALISATIONS - CONSEIL PROJECT\" \/>\n<meta property=\"og:description\" content=\"Conseil Project propose des missions modulables et personnalis\u00e9es, un accompagnement sur mesure et des r\u00e9alisations adapt\u00e9es \u00e0 chaque projet.\" \/>\n<meta property=\"og:url\" content=\"https:\/\/conseilproject-monaco.com\/?page_id=99\" \/>\n<meta property=\"og:site_name\" content=\"Conseil Project\" \/>\n<meta property=\"article:modified_time\" content=\"2025-08-20T14:58:10+00:00\" \/>\n<meta name=\"twitter:card\" content=\"summary_large_image\" \/>\n<meta name=\"twitter:label1\" content=\"Dur\u00e9e de lecture estim\u00e9e\" \/>\n\t<meta name=\"twitter:data1\" content=\"2 minutes\" \/>\n<script type=\"application\/ld+json\" class=\"yoast-schema-graph\">{\"@context\":\"https:\\\/\\\/schema.org\",\"@graph\":[{\"@type\":\"WebPage\",\"@id\":\"https:\\\/\\\/conseilproject-monaco.com\\\/?page_id=99\",\"url\":\"https:\\\/\\\/conseilproject-monaco.com\\\/?page_id=99\",\"name\":\"NOS R\u00c9ALISATIONS - CONSEIL PROJECT\",\"isPartOf\":{\"@id\":\"https:\\\/\\\/conseilproject-monaco.com\\\/#website\"},\"datePublished\":\"2025-07-08T12:42:38+00:00\",\"dateModified\":\"2025-08-20T14:58:10+00:00\",\"description\":\"Conseil Project propose des missions modulables et personnalis\u00e9es, un accompagnement sur mesure et des r\u00e9alisations adapt\u00e9es \u00e0 chaque projet.\",\"breadcrumb\":{\"@id\":\"https:\\\/\\\/conseilproject-monaco.com\\\/?page_id=99#breadcrumb\"},\"inLanguage\":\"fr-FR\",\"potentialAction\":[{\"@type\":\"ReadAction\",\"target\":[\"https:\\\/\\\/conseilproject-monaco.com\\\/?page_id=99\"]}]},{\"@type\":\"BreadcrumbList\",\"@id\":\"https:\\\/\\\/conseilproject-monaco.com\\\/?page_id=99#breadcrumb\",\"itemListElement\":[{\"@type\":\"ListItem\",\"position\":1,\"name\":\"Accueil\",\"item\":\"https:\\\/\\\/conseilproject-monaco.com\\\/\"},{\"@type\":\"ListItem\",\"position\":2,\"name\":\"NOS R\u00c9ALISATIONS\"}]},{\"@type\":\"WebSite\",\"@id\":\"https:\\\/\\\/conseilproject-monaco.com\\\/#website\",\"url\":\"https:\\\/\\\/conseilproject-monaco.com\\\/\",\"name\":\"Conseil Project\",\"description\":\"Conseil Project\",\"publisher\":{\"@id\":\"https:\\\/\\\/conseilproject-monaco.com\\\/#organization\"},\"potentialAction\":[{\"@type\":\"SearchAction\",\"target\":{\"@type\":\"EntryPoint\",\"urlTemplate\":\"https:\\\/\\\/conseilproject-monaco.com\\\/?s={search_term_string}\"},\"query-input\":{\"@type\":\"PropertyValueSpecification\",\"valueRequired\":true,\"valueName\":\"search_term_string\"}}],\"inLanguage\":\"fr-FR\"},{\"@type\":\"Organization\",\"@id\":\"https:\\\/\\\/conseilproject-monaco.com\\\/#organization\",\"name\":\"Conseil Project\",\"url\":\"https:\\\/\\\/conseilproject-monaco.com\\\/\",\"logo\":{\"@type\":\"ImageObject\",\"inLanguage\":\"fr-FR\",\"@id\":\"https:\\\/\\\/conseilproject-monaco.com\\\/#\\\/schema\\\/logo\\\/image\\\/\",\"url\":\"https:\\\/\\\/conseilproject-monaco.com\\\/wp-content\\\/uploads\\\/2025\\\/05\\\/LOGO-CONSEIL-PROJECT.png\",\"contentUrl\":\"https:\\\/\\\/conseilproject-monaco.com\\\/wp-content\\\/uploads\\\/2025\\\/05\\\/LOGO-CONSEIL-PROJECT.png\",\"width\":23082,\"height\":2595,\"caption\":\"Conseil Project\"},\"image\":{\"@id\":\"https:\\\/\\\/conseilproject-monaco.com\\\/#\\\/schema\\\/logo\\\/image\\\/\"}}]}<\/script>\n<!-- \/ Yoast SEO plugin. -->","yoast_head_json":{"title":"NOS R\u00c9ALISATIONS - CONSEIL PROJECT","description":"Conseil Project propose des missions modulables et personnalis\u00e9es, un accompagnement sur mesure et des r\u00e9alisations adapt\u00e9es \u00e0 chaque projet.","robots":{"index":"index","follow":"follow","max-snippet":"max-snippet:-1","max-image-preview":"max-image-preview:large","max-video-preview":"max-video-preview:-1"},"canonical":"https:\/\/conseilproject-monaco.com\/?page_id=99","og_locale":"fr_FR","og_type":"article","og_title":"NOS R\u00c9ALISATIONS - CONSEIL PROJECT","og_description":"Conseil Project propose des missions modulables et personnalis\u00e9es, un accompagnement sur mesure et des r\u00e9alisations adapt\u00e9es \u00e0 chaque projet.","og_url":"https:\/\/conseilproject-monaco.com\/?page_id=99","og_site_name":"Conseil Project","article_modified_time":"2025-08-20T14:58:10+00:00","twitter_card":"summary_large_image","twitter_misc":{"Dur\u00e9e de lecture estim\u00e9e":"2 minutes"},"schema":{"@context":"https:\/\/schema.org","@graph":[{"@type":"WebPage","@id":"https:\/\/conseilproject-monaco.com\/?page_id=99","url":"https:\/\/conseilproject-monaco.com\/?page_id=99","name":"NOS R\u00c9ALISATIONS - CONSEIL PROJECT","isPartOf":{"@id":"https:\/\/conseilproject-monaco.com\/#website"},"datePublished":"2025-07-08T12:42:38+00:00","dateModified":"2025-08-20T14:58:10+00:00","description":"Conseil Project propose des missions modulables et personnalis\u00e9es, un accompagnement sur mesure et des r\u00e9alisations adapt\u00e9es \u00e0 chaque projet.","breadcrumb":{"@id":"https:\/\/conseilproject-monaco.com\/?page_id=99#breadcrumb"},"inLanguage":"fr-FR","potentialAction":[{"@type":"ReadAction","target":["https:\/\/conseilproject-monaco.com\/?page_id=99"]}]},{"@type":"BreadcrumbList","@id":"https:\/\/conseilproject-monaco.com\/?page_id=99#breadcrumb","itemListElement":[{"@type":"ListItem","position":1,"name":"Accueil","item":"https:\/\/conseilproject-monaco.com\/"},{"@type":"ListItem","position":2,"name":"NOS R\u00c9ALISATIONS"}]},{"@type":"WebSite","@id":"https:\/\/conseilproject-monaco.com\/#website","url":"https:\/\/conseilproject-monaco.com\/","name":"Conseil Project","description":"Conseil Project","publisher":{"@id":"https:\/\/conseilproject-monaco.com\/#organization"},"potentialAction":[{"@type":"SearchAction","target":{"@type":"EntryPoint","urlTemplate":"https:\/\/conseilproject-monaco.com\/?s={search_term_string}"},"query-input":{"@type":"PropertyValueSpecification","valueRequired":true,"valueName":"search_term_string"}}],"inLanguage":"fr-FR"},{"@type":"Organization","@id":"https:\/\/conseilproject-monaco.com\/#organization","name":"Conseil Project","url":"https:\/\/conseilproject-monaco.com\/","logo":{"@type":"ImageObject","inLanguage":"fr-FR","@id":"https:\/\/conseilproject-monaco.com\/#\/schema\/logo\/image\/","url":"https:\/\/conseilproject-monaco.com\/wp-content\/uploads\/2025\/05\/LOGO-CONSEIL-PROJECT.png","contentUrl":"https:\/\/conseilproject-monaco.com\/wp-content\/uploads\/2025\/05\/LOGO-CONSEIL-PROJECT.png","width":23082,"height":2595,"caption":"Conseil Project"},"image":{"@id":"https:\/\/conseilproject-monaco.com\/#\/schema\/logo\/image\/"}}]}},"_links":{"self":[{"href":"https:\/\/conseilproject-monaco.com\/index.php?rest_route=\/wp\/v2\/pages\/99","targetHints":{"allow":["GET"]}}],"collection":[{"href":"https:\/\/conseilproject-monaco.com\/index.php?rest_route=\/wp\/v2\/pages"}],"about":[{"href":"https:\/\/conseilproject-monaco.com\/index.php?rest_route=\/wp\/v2\/types\/page"}],"author":[{"embeddable":true,"href":"https:\/\/conseilproject-monaco.com\/index.php?rest_route=\/wp\/v2\/users\/1"}],"replies":[{"embeddable":true,"href":"https:\/\/conseilproject-monaco.com\/index.php?rest_route=%2Fwp%2Fv2%2Fcomments&post=99"}],"version-history":[{"count":62,"href":"https:\/\/conseilproject-monaco.com\/index.php?rest_route=\/wp\/v2\/pages\/99\/revisions"}],"predecessor-version":[{"id":754,"href":"https:\/\/conseilproject-monaco.com\/index.php?rest_route=\/wp\/v2\/pages\/99\/revisions\/754"}],"wp:attachment":[{"href":"https:\/\/conseilproject-monaco.com\/index.php?rest_route=%2Fwp%2Fv2%2Fmedia&parent=99"}],"curies":[{"name":"wp","href":"https:\/\/api.w.org\/{rel}","templated":true}]}}