{"id":90,"date":"2025-07-08T12:42:38","date_gmt":"2025-07-08T12:42:38","guid":{"rendered":"https:\/\/conseilproject-monaco.com\/?page_id=90"},"modified":"2025-08-20T15:21:52","modified_gmt":"2025-08-20T15:21:52","slug":"qui-sommes-nous","status":"publish","type":"page","link":"https:\/\/conseilproject-monaco.com\/?page_id=90","title":{"rendered":"QUI SOMMES NOUS"},"content":{"rendered":"\t\t<div data-elementor-type=\"wp-page\" data-elementor-id=\"90\" class=\"elementor elementor-90\" data-elementor-post-type=\"page\">\n\t\t\t\t<div class=\"elementor-element elementor-element-c793ea0 e-flex e-con-boxed e-con e-parent\" data-id=\"c793ea0\" data-element_type=\"container\" data-e-type=\"container\" data-settings=\"{&quot;background_background&quot;:&quot;classic&quot;}\">\n\t\t\t\t\t<div class=\"e-con-inner\">\n\t\t\t\t<div class=\"elementor-element elementor-element-a44cc55 elementor-widget elementor-widget-heading\" data-id=\"a44cc55\" data-element_type=\"widget\" data-e-type=\"widget\" data-widget_type=\"heading.default\">\n\t\t\t\t<div class=\"elementor-widget-container\">\n\t\t\t\t\t<h2 class=\"elementor-heading-title elementor-size-default\">QUI SOMMES NOUS<\/h2>\t\t\t\t<\/div>\n\t\t\t\t<\/div>\n\t\t\t\t<div class=\"elementor-element elementor-element-f155420 elementor-widget elementor-widget-text-editor\" data-id=\"f155420\" data-element_type=\"widget\" data-e-type=\"widget\" data-widget_type=\"text-editor.default\">\n\t\t\t\t<div class=\"elementor-widget-container\">\n\t\t\t\t\t\t\t\t\t<p>Votre projet est pr\u00e9cieux. Confiez-le \u00e0 CONSEIL PROJECT, votre alli\u00e9 de confiance.<\/p>\t\t\t\t\t\t\t\t<\/div>\n\t\t\t\t<\/div>\n\t\t\t\t\t<\/div>\n\t\t\t\t<\/div>\n\t\t<div class=\"elementor-element elementor-element-eccea01 e-flex e-con-boxed e-con e-parent\" data-id=\"eccea01\" data-element_type=\"container\" data-e-type=\"container\">\n\t\t\t\t\t<div class=\"e-con-inner\">\n\t\t\t\t<div class=\"elementor-element elementor-element-da0719f elementor-widget elementor-widget-heading\" data-id=\"da0719f\" data-element_type=\"widget\" data-e-type=\"widget\" data-widget_type=\"heading.default\">\n\t\t\t\t<div class=\"elementor-widget-container\">\n\t\t\t\t\t<h2 class=\"elementor-heading-title elementor-size-default\">Les Fondateurs<\/h2>\t\t\t\t<\/div>\n\t\t\t\t<\/div>\n\t\t<div class=\"elementor-element elementor-element-026f02a e-con-full e-flex e-con e-child\" data-id=\"026f02a\" data-element_type=\"container\" data-e-type=\"container\">\n\t\t<div class=\"elementor-element elementor-element-82a4365 e-con-full e-flex e-con e-child\" data-id=\"82a4365\" data-element_type=\"container\" data-e-type=\"container\">\n\t\t<div class=\"elementor-element elementor-element-b1e6967 e-con-full e-flex e-con e-child\" data-id=\"b1e6967\" data-element_type=\"container\" data-e-type=\"container\">\n\t\t\t\t<div class=\"elementor-element elementor-element-0912d8b elementor-widget elementor-widget-heading\" data-id=\"0912d8b\" data-element_type=\"widget\" data-e-type=\"widget\" data-widget_type=\"heading.default\">\n\t\t\t\t<div class=\"elementor-widget-container\">\n\t\t\t\t\t<h2 class=\"elementor-heading-title elementor-size-default\">Mathieu MIQUEL<\/h2>\t\t\t\t<\/div>\n\t\t\t\t<\/div>\n\t\t\t\t<div class=\"elementor-element elementor-element-2c9efad elementor-widget elementor-widget-image\" data-id=\"2c9efad\" data-element_type=\"widget\" data-e-type=\"widget\" data-widget_type=\"image.default\">\n\t\t\t\t<div class=\"elementor-widget-container\">\n\t\t\t\t\t\t\t\t\t\t\t\t\t\t\t<img fetchpriority=\"high\" decoding=\"async\" width=\"399\" height=\"384\" src=\"https:\/\/conseilproject-monaco.com\/wp-content\/uploads\/2025\/07\/CONSEIL-PROJECT-MATHIEU-MIQUEL-.png\" class=\"attachment-large size-large wp-image-67\" alt=\"\" srcset=\"https:\/\/conseilproject-monaco.com\/wp-content\/uploads\/2025\/07\/CONSEIL-PROJECT-MATHIEU-MIQUEL-.png 399w, https:\/\/conseilproject-monaco.com\/wp-content\/uploads\/2025\/07\/CONSEIL-PROJECT-MATHIEU-MIQUEL--300x289.png 300w\" sizes=\"(max-width: 399px) 100vw, 399px\" \/>\t\t\t\t\t\t\t\t\t\t\t\t\t\t\t<\/div>\n\t\t\t\t<\/div>\n\t\t\t\t<div class=\"elementor-element elementor-element-82892bb elementor-align-center elementor-widget elementor-widget-button\" data-id=\"82892bb\" data-element_type=\"widget\" data-e-type=\"widget\" data-widget_type=\"button.default\">\n\t\t\t\t<div class=\"elementor-widget-container\">\n\t\t\t\t\t\t\t\t\t<div class=\"elementor-button-wrapper\">\n\t\t\t\t\t<a class=\"elementor-button elementor-button-link elementor-size-sm\" href=\"https:\/\/conseilproject-monaco.com\/wp-content\/uploads\/2025\/07\/Carte-de-visite-Mathieu-digitale.pdf\">\n\t\t\t\t\t\t<span class=\"elementor-button-content-wrapper\">\n\t\t\t\t\t\t\t\t\t<span class=\"elementor-button-text\">Carte de visite<\/span>\n\t\t\t\t\t<\/span>\n\t\t\t\t\t<\/a>\n\t\t\t\t<\/div>\n\t\t\t\t\t\t\t\t<\/div>\n\t\t\t\t<\/div>\n\t\t\t\t<\/div>\n\t\t<div class=\"elementor-element elementor-element-af2e514 e-con-full e-flex e-con e-child\" data-id=\"af2e514\" data-element_type=\"container\" data-e-type=\"container\">\n\t\t\t\t<div class=\"elementor-element elementor-element-15f2c78 elementor-widget elementor-widget-heading\" data-id=\"15f2c78\" data-element_type=\"widget\" data-e-type=\"widget\" data-widget_type=\"heading.default\">\n\t\t\t\t<div class=\"elementor-widget-container\">\n\t\t\t\t\t<h2 class=\"elementor-heading-title elementor-size-default\">Guillaume VINOIS<\/h2>\t\t\t\t<\/div>\n\t\t\t\t<\/div>\n\t\t\t\t<div class=\"elementor-element elementor-element-f341269 elementor-widget elementor-widget-image\" data-id=\"f341269\" data-element_type=\"widget\" data-e-type=\"widget\" data-widget_type=\"image.default\">\n\t\t\t\t<div class=\"elementor-widget-container\">\n\t\t\t\t\t\t\t\t\t\t\t\t\t\t\t<img decoding=\"async\" width=\"399\" height=\"384\" src=\"https:\/\/conseilproject-monaco.com\/wp-content\/uploads\/2025\/07\/CONSEIL-PROJECT-GUILLAUME-VINOIS.png\" class=\"attachment-large size-large wp-image-63\" alt=\"\" srcset=\"https:\/\/conseilproject-monaco.com\/wp-content\/uploads\/2025\/07\/CONSEIL-PROJECT-GUILLAUME-VINOIS.png 399w, https:\/\/conseilproject-monaco.com\/wp-content\/uploads\/2025\/07\/CONSEIL-PROJECT-GUILLAUME-VINOIS-300x289.png 300w\" sizes=\"(max-width: 399px) 100vw, 399px\" \/>\t\t\t\t\t\t\t\t\t\t\t\t\t\t\t<\/div>\n\t\t\t\t<\/div>\n\t\t\t\t<div class=\"elementor-element elementor-element-0e06d7d elementor-align-center elementor-widget elementor-widget-button\" data-id=\"0e06d7d\" data-element_type=\"widget\" data-e-type=\"widget\" data-widget_type=\"button.default\">\n\t\t\t\t<div class=\"elementor-widget-container\">\n\t\t\t\t\t\t\t\t\t<div class=\"elementor-button-wrapper\">\n\t\t\t\t\t<a class=\"elementor-button elementor-button-link elementor-size-sm\" href=\"https:\/\/conseilproject-monaco.com\/wp-content\/uploads\/2025\/07\/Carte-de-visite-Guillaume-digitale.pdf\">\n\t\t\t\t\t\t<span class=\"elementor-button-content-wrapper\">\n\t\t\t\t\t\t\t\t\t<span class=\"elementor-button-text\">Carte de visite<\/span>\n\t\t\t\t\t<\/span>\n\t\t\t\t\t<\/a>\n\t\t\t\t<\/div>\n\t\t\t\t\t\t\t\t<\/div>\n\t\t\t\t<\/div>\n\t\t\t\t<\/div>\n\t\t\t\t<\/div>\n\t\t\t\t<\/div>\n\t\t\t\t\t<\/div>\n\t\t\t\t<\/div>\n\t\t<div class=\"elementor-element elementor-element-3851f48 e-flex e-con-boxed e-con e-parent\" data-id=\"3851f48\" data-element_type=\"container\" data-e-type=\"container\" data-settings=\"{&quot;background_background&quot;:&quot;classic&quot;}\">\n\t\t\t\t\t<div class=\"e-con-inner\">\n\t\t<div class=\"elementor-element elementor-element-9b37445 e-con-full e-flex e-con e-child\" data-id=\"9b37445\" data-element_type=\"container\" data-e-type=\"container\" data-settings=\"{&quot;background_background&quot;:&quot;classic&quot;}\">\n\t\t\t\t<div class=\"elementor-element elementor-element-d77392f elementor-widget elementor-widget-image\" data-id=\"d77392f\" data-element_type=\"widget\" data-e-type=\"widget\" data-widget_type=\"image.default\">\n\t\t\t\t<div class=\"elementor-widget-container\">\n\t\t\t\t\t\t\t\t\t\t\t\t\t\t\t<img decoding=\"async\" width=\"446\" height=\"776\" src=\"https:\/\/conseilproject-monaco.com\/wp-content\/uploads\/2025\/07\/CONSEIL-PROJECT-NOTRE-ORIGINE.png\" class=\"attachment-large size-large wp-image-86\" alt=\"\" srcset=\"https:\/\/conseilproject-monaco.com\/wp-content\/uploads\/2025\/07\/CONSEIL-PROJECT-NOTRE-ORIGINE.png 446w, https:\/\/conseilproject-monaco.com\/wp-content\/uploads\/2025\/07\/CONSEIL-PROJECT-NOTRE-ORIGINE-172x300.png 172w\" sizes=\"(max-width: 446px) 100vw, 446px\" \/>\t\t\t\t\t\t\t\t\t\t\t\t\t\t\t<\/div>\n\t\t\t\t<\/div>\n\t\t\t\t<\/div>\n\t\t<div class=\"elementor-element elementor-element-5a89821 e-con-full e-flex e-con e-child\" data-id=\"5a89821\" data-element_type=\"container\" data-e-type=\"container\">\n\t\t\t\t<div class=\"elementor-element elementor-element-34c35e4 elementor-widget elementor-widget-heading\" data-id=\"34c35e4\" data-element_type=\"widget\" data-e-type=\"widget\" data-widget_type=\"heading.default\">\n\t\t\t\t<div class=\"elementor-widget-container\">\n\t\t\t\t\t<h2 class=\"elementor-heading-title elementor-size-default\">Notre Origine<\/h2>\t\t\t\t<\/div>\n\t\t\t\t<\/div>\n\t\t\t\t<div class=\"elementor-element elementor-element-b71a0a3 elementor-widget elementor-widget-text-editor\" data-id=\"b71a0a3\" data-element_type=\"widget\" data-e-type=\"widget\" data-widget_type=\"text-editor.default\">\n\t\t\t\t<div class=\"elementor-widget-container\">\n\t\t\t\t\t\t\t\t\t<p>Avant de fonder CONSEIL PROJECT, nous avons chacun \u00e9volu\u00e9 pendant plusieurs ann\u00e9es dans les secteurs du b\u00e2timent et de la promotion immobili\u00e8re haut de gamme, principalement en Principaut\u00e9 de Monaco.<\/p><p><br \/>Issus d\u2019une formation \u00e0 dominante technique, nous avons d\u00e9velopp\u00e9 des comp\u00e9tences solides en ing\u00e9nierie et en gestion de chantier, qui nous permettent aujourd\u2019hui de ma\u00eetriser tous les aspects d\u2019un projet de construction, de la conception \u00e0 la livraison.<\/p><p><br \/>Cette double comp\u00e9tence, \u00e0 la fois technique et pratique, nous rend particuli\u00e8rement efficaces pour traiter l\u2019ensemble des probl\u00e9matiques rencontr\u00e9es sur un chantier, qu\u2019elles soient structurelles, r\u00e9glementaires ou organisationnelles.<\/p><p><br \/>Forts de notre exp\u00e9rience dans des projets immobiliers de luxe, nous savons r\u00e9pondre \u00e0 un haut niveau d\u2019exigence et offrir \u00e0 nos clients un accompagnement fiable, rigoureux et sur mesure.<\/p>\t\t\t\t\t\t\t\t<\/div>\n\t\t\t\t<\/div>\n\t\t\t\t<\/div>\n\t\t\t\t\t<\/div>\n\t\t\t\t<\/div>\n\t\t<div class=\"elementor-element elementor-element-e4c8c6d e-flex e-con-boxed e-con e-parent\" data-id=\"e4c8c6d\" data-element_type=\"container\" data-e-type=\"container\" data-settings=\"{&quot;background_background&quot;:&quot;classic&quot;}\">\n\t\t\t\t\t<div class=\"e-con-inner\">\n\t\t<div class=\"elementor-element elementor-element-fb9ba9d e-con-full e-flex e-con e-child\" data-id=\"fb9ba9d\" data-element_type=\"container\" data-e-type=\"container\">\n\t\t\t\t<div class=\"elementor-element elementor-element-325d9ed elementor-widget elementor-widget-heading\" data-id=\"325d9ed\" data-element_type=\"widget\" data-e-type=\"widget\" data-widget_type=\"heading.default\">\n\t\t\t\t<div class=\"elementor-widget-container\">\n\t\t\t\t\t<h2 class=\"elementor-heading-title elementor-size-default\">Notre histoire<\/h2>\t\t\t\t<\/div>\n\t\t\t\t<\/div>\n\t\t\t\t<div class=\"elementor-element elementor-element-2668ddd elementor-widget elementor-widget-text-editor\" data-id=\"2668ddd\" data-element_type=\"widget\" data-e-type=\"widget\" data-widget_type=\"text-editor.default\">\n\t\t\t\t<div class=\"elementor-widget-container\">\n\t\t\t\t\t\t\t\t\t<p>L\u2019id\u00e9e de cr\u00e9er CONSEIL PROJECT est n\u00e9e d\u2019un constat simple : trop de particuliers se lancent dans des travaux sans accompagnement, et se retrouvent confront\u00e9s \u00e0 des impr\u00e9vus, des retards ou des malfa\u00e7ons. Forts de nos exp\u00e9riences personnelles et professionnelles dans le domaine du b\u00e2timent, nous avons d\u00e9cid\u00e9, de mettre notre savoir-faire au service de ceux qui souhaitent mener \u00e0 bien leurs projets de r\u00e9novation ou de construction en toute s\u00e9r\u00e9nit\u00e9. <br \/><br \/>Notre mission : \u00eatre un v\u00e9ritable partenaire de confiance, pr\u00e9sent \u00e0 chaque \u00e9tape du chantier pour d\u00e9fendre les int\u00e9r\u00eats de nos clients et garantir la qualit\u00e9 des travaux. Depuis notre lancement, nous avons accompagn\u00e9 de nombreux projets avec la m\u00eame exigence, la m\u00eame rigueur et une vraie passion du m\u00e9tier.<\/p>\t\t\t\t\t\t\t\t<\/div>\n\t\t\t\t<\/div>\n\t\t\t\t<\/div>\n\t\t<div class=\"elementor-element elementor-element-b4db3c2 e-con-full e-flex e-con e-child\" data-id=\"b4db3c2\" data-element_type=\"container\" data-e-type=\"container\" data-settings=\"{&quot;background_background&quot;:&quot;classic&quot;}\">\n\t\t\t\t<div class=\"elementor-element elementor-element-a28141e elementor-widget elementor-widget-image\" data-id=\"a28141e\" data-element_type=\"widget\" data-e-type=\"widget\" data-widget_type=\"image.default\">\n\t\t\t\t<div class=\"elementor-widget-container\">\n\t\t\t\t\t\t\t\t\t\t\t\t\t\t\t<img loading=\"lazy\" decoding=\"async\" width=\"446\" height=\"776\" src=\"https:\/\/conseilproject-monaco.com\/wp-content\/uploads\/2025\/07\/CONSEIL-PROJECT-NOTRE-HISTOIRE.png\" class=\"attachment-large size-large wp-image-77\" alt=\"\" srcset=\"https:\/\/conseilproject-monaco.com\/wp-content\/uploads\/2025\/07\/CONSEIL-PROJECT-NOTRE-HISTOIRE.png 446w, https:\/\/conseilproject-monaco.com\/wp-content\/uploads\/2025\/07\/CONSEIL-PROJECT-NOTRE-HISTOIRE-172x300.png 172w\" sizes=\"(max-width: 446px) 100vw, 446px\" \/>\t\t\t\t\t\t\t\t\t\t\t\t\t\t\t<\/div>\n\t\t\t\t<\/div>\n\t\t\t\t<\/div>\n\t\t\t\t\t<\/div>\n\t\t\t\t<\/div>\n\t\t\t\t<\/div>\n\t\t","protected":false},"excerpt":{"rendered":"<p>QUI SOMMES NOUS Votre projet est pr\u00e9cieux. Confiez-le \u00e0 CONSEIL PROJECT, votre alli\u00e9 de confiance. Les Fondateurs Mathieu MIQUEL Carte de visite Guillaume VINOIS Carte de visite Notre Origine Avant de fonder CONSEIL PROJECT, nous avons chacun \u00e9volu\u00e9 pendant plusieurs ann\u00e9es dans les secteurs du b\u00e2timent et de la promotion immobili\u00e8re haut de gamme, principalement [&hellip;]<\/p>\n","protected":false},"author":1,"featured_media":0,"parent":0,"menu_order":0,"comment_status":"closed","ping_status":"closed","template":"","meta":{"footnotes":""},"class_list":["post-90","page","type-page","status-publish","hentry"],"yoast_head":"<!-- This site is optimized with the Yoast SEO plugin v27.3 - https:\/\/yoast.com\/product\/yoast-seo-wordpress\/ -->\n<title>QUI SOMMES NOUS - CONSEIL PROJECT<\/title>\n<meta name=\"description\" content=\"Conseil Project accompagne particuliers et professionnels \u00e0 chaque \u00e9tape de leurs projets, avec expertise, rigueur et un suivi sur mesure.\" \/>\n<meta name=\"robots\" content=\"index, follow, max-snippet:-1, max-image-preview:large, max-video-preview:-1\" \/>\n<link rel=\"canonical\" href=\"https:\/\/conseilproject-monaco.com\/?page_id=90\" \/>\n<meta property=\"og:locale\" content=\"fr_FR\" \/>\n<meta property=\"og:type\" content=\"article\" \/>\n<meta property=\"og:title\" content=\"QUI SOMMES NOUS - CONSEIL PROJECT\" \/>\n<meta property=\"og:description\" content=\"Conseil Project accompagne particuliers et professionnels \u00e0 chaque \u00e9tape de leurs projets, avec expertise, rigueur et un suivi sur mesure.\" \/>\n<meta property=\"og:url\" content=\"https:\/\/conseilproject-monaco.com\/?page_id=90\" \/>\n<meta property=\"og:site_name\" content=\"Conseil Project\" \/>\n<meta property=\"article:modified_time\" content=\"2025-08-20T15:21:52+00:00\" \/>\n<meta property=\"og:image\" content=\"https:\/\/conseilproject-monaco.com\/wp-content\/uploads\/2025\/07\/CONSEIL-PROJECT-MATHIEU-MIQUEL-.png\" \/>\n<meta name=\"twitter:card\" content=\"summary_large_image\" \/>\n<meta name=\"twitter:label1\" content=\"Dur\u00e9e de lecture estim\u00e9e\" \/>\n\t<meta name=\"twitter:data1\" content=\"3 minutes\" \/>\n<script type=\"application\/ld+json\" class=\"yoast-schema-graph\">{\"@context\":\"https:\\\/\\\/schema.org\",\"@graph\":[{\"@type\":\"WebPage\",\"@id\":\"https:\\\/\\\/conseilproject-monaco.com\\\/?page_id=90\",\"url\":\"https:\\\/\\\/conseilproject-monaco.com\\\/?page_id=90\",\"name\":\"QUI SOMMES NOUS - CONSEIL PROJECT\",\"isPartOf\":{\"@id\":\"https:\\\/\\\/conseilproject-monaco.com\\\/#website\"},\"primaryImageOfPage\":{\"@id\":\"https:\\\/\\\/conseilproject-monaco.com\\\/?page_id=90#primaryimage\"},\"image\":{\"@id\":\"https:\\\/\\\/conseilproject-monaco.com\\\/?page_id=90#primaryimage\"},\"thumbnailUrl\":\"https:\\\/\\\/conseilproject-monaco.com\\\/wp-content\\\/uploads\\\/2025\\\/07\\\/CONSEIL-PROJECT-MATHIEU-MIQUEL-.png\",\"datePublished\":\"2025-07-08T12:42:38+00:00\",\"dateModified\":\"2025-08-20T15:21:52+00:00\",\"description\":\"Conseil Project accompagne particuliers et professionnels \u00e0 chaque \u00e9tape de leurs projets, avec expertise, rigueur et un suivi sur mesure.\",\"breadcrumb\":{\"@id\":\"https:\\\/\\\/conseilproject-monaco.com\\\/?page_id=90#breadcrumb\"},\"inLanguage\":\"fr-FR\",\"potentialAction\":[{\"@type\":\"ReadAction\",\"target\":[\"https:\\\/\\\/conseilproject-monaco.com\\\/?page_id=90\"]}]},{\"@type\":\"ImageObject\",\"inLanguage\":\"fr-FR\",\"@id\":\"https:\\\/\\\/conseilproject-monaco.com\\\/?page_id=90#primaryimage\",\"url\":\"https:\\\/\\\/conseilproject-monaco.com\\\/wp-content\\\/uploads\\\/2025\\\/07\\\/CONSEIL-PROJECT-MATHIEU-MIQUEL-.png\",\"contentUrl\":\"https:\\\/\\\/conseilproject-monaco.com\\\/wp-content\\\/uploads\\\/2025\\\/07\\\/CONSEIL-PROJECT-MATHIEU-MIQUEL-.png\",\"width\":399,\"height\":384},{\"@type\":\"BreadcrumbList\",\"@id\":\"https:\\\/\\\/conseilproject-monaco.com\\\/?page_id=90#breadcrumb\",\"itemListElement\":[{\"@type\":\"ListItem\",\"position\":1,\"name\":\"Accueil\",\"item\":\"https:\\\/\\\/conseilproject-monaco.com\\\/\"},{\"@type\":\"ListItem\",\"position\":2,\"name\":\"QUI SOMMES NOUS\"}]},{\"@type\":\"WebSite\",\"@id\":\"https:\\\/\\\/conseilproject-monaco.com\\\/#website\",\"url\":\"https:\\\/\\\/conseilproject-monaco.com\\\/\",\"name\":\"Conseil Project\",\"description\":\"Conseil Project\",\"publisher\":{\"@id\":\"https:\\\/\\\/conseilproject-monaco.com\\\/#organization\"},\"potentialAction\":[{\"@type\":\"SearchAction\",\"target\":{\"@type\":\"EntryPoint\",\"urlTemplate\":\"https:\\\/\\\/conseilproject-monaco.com\\\/?s={search_term_string}\"},\"query-input\":{\"@type\":\"PropertyValueSpecification\",\"valueRequired\":true,\"valueName\":\"search_term_string\"}}],\"inLanguage\":\"fr-FR\"},{\"@type\":\"Organization\",\"@id\":\"https:\\\/\\\/conseilproject-monaco.com\\\/#organization\",\"name\":\"Conseil Project\",\"url\":\"https:\\\/\\\/conseilproject-monaco.com\\\/\",\"logo\":{\"@type\":\"ImageObject\",\"inLanguage\":\"fr-FR\",\"@id\":\"https:\\\/\\\/conseilproject-monaco.com\\\/#\\\/schema\\\/logo\\\/image\\\/\",\"url\":\"https:\\\/\\\/conseilproject-monaco.com\\\/wp-content\\\/uploads\\\/2025\\\/05\\\/LOGO-CONSEIL-PROJECT.png\",\"contentUrl\":\"https:\\\/\\\/conseilproject-monaco.com\\\/wp-content\\\/uploads\\\/2025\\\/05\\\/LOGO-CONSEIL-PROJECT.png\",\"width\":23082,\"height\":2595,\"caption\":\"Conseil Project\"},\"image\":{\"@id\":\"https:\\\/\\\/conseilproject-monaco.com\\\/#\\\/schema\\\/logo\\\/image\\\/\"}}]}<\/script>\n<!-- \/ Yoast SEO plugin. -->","yoast_head_json":{"title":"QUI SOMMES NOUS - CONSEIL PROJECT","description":"Conseil Project accompagne particuliers et professionnels \u00e0 chaque \u00e9tape de leurs projets, avec expertise, rigueur et un suivi sur mesure.","robots":{"index":"index","follow":"follow","max-snippet":"max-snippet:-1","max-image-preview":"max-image-preview:large","max-video-preview":"max-video-preview:-1"},"canonical":"https:\/\/conseilproject-monaco.com\/?page_id=90","og_locale":"fr_FR","og_type":"article","og_title":"QUI SOMMES NOUS - CONSEIL PROJECT","og_description":"Conseil Project accompagne particuliers et professionnels \u00e0 chaque \u00e9tape de leurs projets, avec expertise, rigueur et un suivi sur mesure.","og_url":"https:\/\/conseilproject-monaco.com\/?page_id=90","og_site_name":"Conseil Project","article_modified_time":"2025-08-20T15:21:52+00:00","og_image":[{"url":"https:\/\/conseilproject-monaco.com\/wp-content\/uploads\/2025\/07\/CONSEIL-PROJECT-MATHIEU-MIQUEL-.png","type":"","width":"","height":""}],"twitter_card":"summary_large_image","twitter_misc":{"Dur\u00e9e de lecture estim\u00e9e":"3 minutes"},"schema":{"@context":"https:\/\/schema.org","@graph":[{"@type":"WebPage","@id":"https:\/\/conseilproject-monaco.com\/?page_id=90","url":"https:\/\/conseilproject-monaco.com\/?page_id=90","name":"QUI SOMMES NOUS - CONSEIL PROJECT","isPartOf":{"@id":"https:\/\/conseilproject-monaco.com\/#website"},"primaryImageOfPage":{"@id":"https:\/\/conseilproject-monaco.com\/?page_id=90#primaryimage"},"image":{"@id":"https:\/\/conseilproject-monaco.com\/?page_id=90#primaryimage"},"thumbnailUrl":"https:\/\/conseilproject-monaco.com\/wp-content\/uploads\/2025\/07\/CONSEIL-PROJECT-MATHIEU-MIQUEL-.png","datePublished":"2025-07-08T12:42:38+00:00","dateModified":"2025-08-20T15:21:52+00:00","description":"Conseil Project accompagne particuliers et professionnels \u00e0 chaque \u00e9tape de leurs projets, avec expertise, rigueur et un suivi sur mesure.","breadcrumb":{"@id":"https:\/\/conseilproject-monaco.com\/?page_id=90#breadcrumb"},"inLanguage":"fr-FR","potentialAction":[{"@type":"ReadAction","target":["https:\/\/conseilproject-monaco.com\/?page_id=90"]}]},{"@type":"ImageObject","inLanguage":"fr-FR","@id":"https:\/\/conseilproject-monaco.com\/?page_id=90#primaryimage","url":"https:\/\/conseilproject-monaco.com\/wp-content\/uploads\/2025\/07\/CONSEIL-PROJECT-MATHIEU-MIQUEL-.png","contentUrl":"https:\/\/conseilproject-monaco.com\/wp-content\/uploads\/2025\/07\/CONSEIL-PROJECT-MATHIEU-MIQUEL-.png","width":399,"height":384},{"@type":"BreadcrumbList","@id":"https:\/\/conseilproject-monaco.com\/?page_id=90#breadcrumb","itemListElement":[{"@type":"ListItem","position":1,"name":"Accueil","item":"https:\/\/conseilproject-monaco.com\/"},{"@type":"ListItem","position":2,"name":"QUI SOMMES NOUS"}]},{"@type":"WebSite","@id":"https:\/\/conseilproject-monaco.com\/#website","url":"https:\/\/conseilproject-monaco.com\/","name":"Conseil Project","description":"Conseil Project","publisher":{"@id":"https:\/\/conseilproject-monaco.com\/#organization"},"potentialAction":[{"@type":"SearchAction","target":{"@type":"EntryPoint","urlTemplate":"https:\/\/conseilproject-monaco.com\/?s={search_term_string}"},"query-input":{"@type":"PropertyValueSpecification","valueRequired":true,"valueName":"search_term_string"}}],"inLanguage":"fr-FR"},{"@type":"Organization","@id":"https:\/\/conseilproject-monaco.com\/#organization","name":"Conseil Project","url":"https:\/\/conseilproject-monaco.com\/","logo":{"@type":"ImageObject","inLanguage":"fr-FR","@id":"https:\/\/conseilproject-monaco.com\/#\/schema\/logo\/image\/","url":"https:\/\/conseilproject-monaco.com\/wp-content\/uploads\/2025\/05\/LOGO-CONSEIL-PROJECT.png","contentUrl":"https:\/\/conseilproject-monaco.com\/wp-content\/uploads\/2025\/05\/LOGO-CONSEIL-PROJECT.png","width":23082,"height":2595,"caption":"Conseil Project"},"image":{"@id":"https:\/\/conseilproject-monaco.com\/#\/schema\/logo\/image\/"}}]}},"_links":{"self":[{"href":"https:\/\/conseilproject-monaco.com\/index.php?rest_route=\/wp\/v2\/pages\/90","targetHints":{"allow":["GET"]}}],"collection":[{"href":"https:\/\/conseilproject-monaco.com\/index.php?rest_route=\/wp\/v2\/pages"}],"about":[{"href":"https:\/\/conseilproject-monaco.com\/index.php?rest_route=\/wp\/v2\/types\/page"}],"author":[{"embeddable":true,"href":"https:\/\/conseilproject-monaco.com\/index.php?rest_route=\/wp\/v2\/users\/1"}],"replies":[{"embeddable":true,"href":"https:\/\/conseilproject-monaco.com\/index.php?rest_route=%2Fwp%2Fv2%2Fcomments&post=90"}],"version-history":[{"count":26,"href":"https:\/\/conseilproject-monaco.com\/index.php?rest_route=\/wp\/v2\/pages\/90\/revisions"}],"predecessor-version":[{"id":716,"href":"https:\/\/conseilproject-monaco.com\/index.php?rest_route=\/wp\/v2\/pages\/90\/revisions\/716"}],"wp:attachment":[{"href":"https:\/\/conseilproject-monaco.com\/index.php?rest_route=%2Fwp%2Fv2%2Fmedia&parent=90"}],"curies":[{"name":"wp","href":"https:\/\/api.w.org\/{rel}","templated":true}]}}