{"id":107,"date":"2025-07-08T12:42:38","date_gmt":"2025-07-08T12:42:38","guid":{"rendered":"https:\/\/conseilproject-monaco.com\/?page_id=107"},"modified":"2025-08-25T08:39:19","modified_gmt":"2025-08-25T08:39:19","slug":"nous-contacter","status":"publish","type":"page","link":"https:\/\/conseilproject-monaco.com\/?page_id=107","title":{"rendered":"NOUS CONTACTER"},"content":{"rendered":"\t\t<div data-elementor-type=\"wp-page\" data-elementor-id=\"107\" class=\"elementor elementor-107\" data-elementor-post-type=\"page\">\n\t\t\t\t<div class=\"elementor-element elementor-element-2fa063a e-flex e-con-boxed e-con e-parent\" data-id=\"2fa063a\" data-element_type=\"container\" data-e-type=\"container\" data-settings=\"{&quot;background_background&quot;:&quot;classic&quot;}\">\n\t\t\t\t\t<div class=\"e-con-inner\">\n\t\t\t\t<div class=\"elementor-element elementor-element-d0663b0 elementor-widget elementor-widget-heading\" data-id=\"d0663b0\" data-element_type=\"widget\" data-e-type=\"widget\" data-widget_type=\"heading.default\">\n\t\t\t\t<div class=\"elementor-widget-container\">\n\t\t\t\t\t<h2 class=\"elementor-heading-title elementor-size-default\"> NOus contacter <\/h2>\t\t\t\t<\/div>\n\t\t\t\t<\/div>\n\t\t\t\t<div class=\"elementor-element elementor-element-b42b969 elementor-widget elementor-widget-text-editor\" data-id=\"b42b969\" data-element_type=\"widget\" data-e-type=\"widget\" data-widget_type=\"text-editor.default\">\n\t\t\t\t<div class=\"elementor-widget-container\">\n\t\t\t\t\t\t\t\t\t<p><span style=\"white-space-collapse: preserve;\">Votre projet est pr\u00e9cieux. Confiez-le \u00e0 CONSEIL PROJECT, votre alli\u00e9 de confiance. <\/span><\/p>\t\t\t\t\t\t\t\t<\/div>\n\t\t\t\t<\/div>\n\t\t\t\t\t<\/div>\n\t\t\t\t<\/div>\n\t\t<div class=\"elementor-element elementor-element-873977f e-flex e-con-boxed e-con e-parent\" data-id=\"873977f\" data-element_type=\"container\" data-e-type=\"container\">\n\t\t\t\t\t<div class=\"e-con-inner\">\n\t\t<div class=\"elementor-element elementor-element-5dc534c e-con-full e-flex e-con e-child\" data-id=\"5dc534c\" data-element_type=\"container\" data-e-type=\"container\">\n\t\t\t\t<div class=\"elementor-element elementor-element-cd79965 elementor-widget elementor-widget-heading\" data-id=\"cd79965\" data-element_type=\"widget\" data-e-type=\"widget\" data-widget_type=\"heading.default\">\n\t\t\t\t<div class=\"elementor-widget-container\">\n\t\t\t\t\t<h2 class=\"elementor-heading-title elementor-size-default\">Remplissez le  formulaire pour etre rappel\u00e9 sous 48h<\/h2>\t\t\t\t<\/div>\n\t\t\t\t<\/div>\n\t\t\t\t<div class=\"elementor-element elementor-element-6470947 elementor-widget elementor-widget-text-editor\" data-id=\"6470947\" data-element_type=\"widget\" data-e-type=\"widget\" data-widget_type=\"text-editor.default\">\n\t\t\t\t<div class=\"elementor-widget-container\">\n\t\t\t\t\t\t\t\t\t<p>Parce que vos projets sont notre priorit\u00e9, nous nous engageons<br \/>\u00e0 vous recontacter sous 48h.<\/p><p>Vos projets avancent vite nous aussi.<\/p>\t\t\t\t\t\t\t\t<\/div>\n\t\t\t\t<\/div>\n\t\t\t\t<div class=\"elementor-element elementor-element-01005b1 elementor-hidden-tablet elementor-hidden-mobile elementor-widget elementor-widget-image\" data-id=\"01005b1\" data-element_type=\"widget\" data-e-type=\"widget\" data-widget_type=\"image.default\">\n\t\t\t\t<div class=\"elementor-widget-container\">\n\t\t\t\t\t\t\t\t\t\t\t\t\t\t\t<img fetchpriority=\"high\" decoding=\"async\" width=\"240\" height=\"263\" src=\"https:\/\/conseilproject-monaco.com\/wp-content\/uploads\/2025\/07\/CONSEIL-PROJECT-LOGO-MONO-BRONZE.png\" class=\"attachment-large size-large wp-image-78\" alt=\"\" \/>\t\t\t\t\t\t\t\t\t\t\t\t\t\t\t<\/div>\n\t\t\t\t<\/div>\n\t\t\t\t<\/div>\n\t\t<div class=\"elementor-element elementor-element-ad52279 e-con-full e-flex e-con e-child\" data-id=\"ad52279\" data-element_type=\"container\" data-e-type=\"container\">\n\t\t\t\t<div class=\"elementor-element elementor-element-d9f80c8 elementor-button-align-center elementor-widget elementor-widget-form\" data-id=\"d9f80c8\" data-element_type=\"widget\" data-e-type=\"widget\" data-settings=\"{&quot;step_next_label&quot;:&quot;Next&quot;,&quot;step_previous_label&quot;:&quot;Previous&quot;,&quot;button_width&quot;:&quot;100&quot;,&quot;step_type&quot;:&quot;number_text&quot;,&quot;step_icon_shape&quot;:&quot;circle&quot;}\" data-widget_type=\"form.default\">\n\t\t\t\t<div class=\"elementor-widget-container\">\n\t\t\t\t\t\t\t<form class=\"elementor-form\" method=\"post\" name=\"New Form\" aria-label=\"New Form\">\n\t\t\t<input type=\"hidden\" name=\"post_id\" value=\"107\"\/>\n\t\t\t<input type=\"hidden\" name=\"form_id\" value=\"d9f80c8\"\/>\n\t\t\t<input type=\"hidden\" name=\"referer_title\" value=\"NOUS CONTACTER - CONSEIL PROJECT\" \/>\n\n\t\t\t\t\t\t\t<input type=\"hidden\" name=\"queried_id\" value=\"107\"\/>\n\t\t\t\n\t\t\t<div class=\"elementor-form-fields-wrapper elementor-labels-above\">\n\t\t\t\t\t\t\t\t<div class=\"elementor-field-type-text elementor-field-group elementor-column elementor-field-group-name elementor-col-50 elementor-field-required\">\n\t\t\t\t\t\t\t\t\t\t\t\t\t<input size=\"1\" type=\"text\" name=\"form_fields[name]\" id=\"form-field-name\" class=\"elementor-field elementor-size-sm  elementor-field-textual\" placeholder=\"Nom et pr\u00e9nom\" required=\"required\">\n\t\t\t\t\t\t\t\t\t\t\t<\/div>\n\t\t\t\t\t\t\t\t<div class=\"elementor-field-type-email elementor-field-group elementor-column elementor-field-group-email elementor-col-50 elementor-field-required\">\n\t\t\t\t\t\t\t\t\t\t\t\t\t<input size=\"1\" type=\"email\" name=\"form_fields[email]\" id=\"form-field-email\" class=\"elementor-field elementor-size-sm  elementor-field-textual\" placeholder=\"Email\" required=\"required\">\n\t\t\t\t\t\t\t\t\t\t\t<\/div>\n\t\t\t\t\t\t\t\t<div class=\"elementor-field-type-tel elementor-field-group elementor-column elementor-field-group-message elementor-col-50 elementor-field-required\">\n\t\t\t\t\t\t\t<input size=\"1\" type=\"tel\" name=\"form_fields[message]\" id=\"form-field-message\" class=\"elementor-field elementor-size-sm  elementor-field-textual\" placeholder=\"T\u00e9l\u00e9phone\" required=\"required\" pattern=\"[0-9()#&amp;+*-=.]+\" title=\"Seuls les caract\u00e8res de num\u00e9ros de t\u00e9l\u00e9phone (#, -, *, etc.) sont accept\u00e9s.\">\n\n\t\t\t\t\t\t<\/div>\n\t\t\t\t\t\t\t\t<div class=\"elementor-field-type-select elementor-field-group elementor-column elementor-field-group-field_6a37361 elementor-col-50 elementor-field-required\">\n\t\t\t\t\t\t\t<div class=\"elementor-field elementor-select-wrapper remove-before \">\n\t\t\t<div class=\"select-caret-down-wrapper\">\n\t\t\t\t<svg aria-hidden=\"true\" class=\"e-font-icon-svg e-eicon-caret-down\" viewBox=\"0 0 571.4 571.4\" xmlns=\"http:\/\/www.w3.org\/2000\/svg\"><path d=\"M571 393Q571 407 561 418L311 668Q300 679 286 679T261 668L11 418Q0 407 0 393T11 368 36 357H536Q550 357 561 368T571 393Z\"><\/path><\/svg>\t\t\t<\/div>\n\t\t\t<select name=\"form_fields[field_6a37361]\" id=\"form-field-field_6a37361\" class=\"elementor-field-textual elementor-size-sm\" required=\"required\">\n\t\t\t\t\t\t\t\t\t<option value=\"Mission assistance \u00e0 maitrise d\u2019ouvrage\">Mission assistance \u00e0 maitrise d\u2019ouvrage<\/option>\n\t\t\t\t\t\t\t\t\t<option value=\"Conseil technique et audit\">Conseil technique et audit<\/option>\n\t\t\t\t\t\t\t\t\t<option value=\"Suivi de projet\">Suivi de projet<\/option>\n\t\t\t\t\t\t\t\t\t<option value=\"Gestion technique de votre parc immobilier\">Gestion technique de votre parc immobilier<\/option>\n\t\t\t\t\t\t\t\t\t<option value=\"Synthese technique\">Synthese technique<\/option>\n\t\t\t\t\t\t\t\t\t<option value=\"Projet de promotion immobili\u00e8re\">Projet de promotion immobili\u00e8re<\/option>\n\t\t\t\t\t\t\t\t\t<option value=\"Mission \u00e0 la carte\">Mission \u00e0 la carte<\/option>\n\t\t\t\t\t\t\t\t\t<option value=\"Autre\">Autre<\/option>\n\t\t\t\t\t\t\t<\/select>\n\t\t<\/div>\n\t\t\t\t\t\t<\/div>\n\t\t\t\t\t\t\t\t<div class=\"elementor-field-type-textarea elementor-field-group elementor-column elementor-field-group-field_fcd7d18 elementor-col-100\">\n\t\t\t\t\t<textarea class=\"elementor-field-textual elementor-field  elementor-size-sm\" name=\"form_fields[field_fcd7d18]\" id=\"form-field-field_fcd7d18\" rows=\"4\" placeholder=\"Message\"><\/textarea>\t\t\t\t<\/div>\n\t\t\t\t\t\t\t\t<div class=\"elementor-field-group elementor-column elementor-field-type-submit elementor-col-100 e-form__buttons\">\n\t\t\t\t\t<button class=\"elementor-button elementor-size-xs\" type=\"submit\">\n\t\t\t\t\t\t<span class=\"elementor-button-content-wrapper\">\n\t\t\t\t\t\t\t\t\t\t\t\t\t\t\t\t\t\t\t\t\t\t<span class=\"elementor-button-text\">Envoyer<\/span>\n\t\t\t\t\t\t\t\t\t\t\t\t\t<\/span>\n\t\t\t\t\t<\/button>\n\t\t\t\t<\/div>\n\t\t\t<\/div>\n\t\t<\/form>\n\t\t\t\t\t\t<\/div>\n\t\t\t\t<\/div>\n\t\t\t\t<\/div>\n\t\t\t\t\t<\/div>\n\t\t\t\t<\/div>\n\t\t\t\t<\/div>\n\t\t","protected":false},"excerpt":{"rendered":"<p>NOus contacter Votre projet est pr\u00e9cieux. Confiez-le \u00e0 CONSEIL PROJECT, votre alli\u00e9 de confiance. Remplissez le formulaire pour etre rappel\u00e9 sous 48h Parce que vos projets sont notre priorit\u00e9, nous nous engageons\u00e0 vous recontacter sous 48h. Vos projets avancent vite nous aussi.<\/p>\n","protected":false},"author":1,"featured_media":0,"parent":0,"menu_order":0,"comment_status":"closed","ping_status":"closed","template":"","meta":{"footnotes":""},"class_list":["post-107","page","type-page","status-publish","hentry"],"yoast_head":"<!-- This site is optimized with the Yoast SEO plugin v27.3 - https:\/\/yoast.com\/product\/yoast-seo-wordpress\/ -->\n<title>NOUS CONTACTER - CONSEIL PROJECT<\/title>\n<meta name=\"description\" content=\"Parce que vos projets sont notre priorit\u00e9, nous nous engageons \u00e0 vous recontacter sous 48h.Vos projets avancent vite nous aussi.\" \/>\n<meta name=\"robots\" content=\"index, follow, max-snippet:-1, max-image-preview:large, max-video-preview:-1\" \/>\n<link rel=\"canonical\" href=\"https:\/\/conseilproject-monaco.com\/?page_id=107\" \/>\n<meta property=\"og:locale\" content=\"fr_FR\" \/>\n<meta property=\"og:type\" content=\"article\" \/>\n<meta property=\"og:title\" content=\"NOUS CONTACTER - CONSEIL PROJECT\" \/>\n<meta property=\"og:description\" content=\"Parce que vos projets sont notre priorit\u00e9, nous nous engageons \u00e0 vous recontacter sous 48h.Vos projets avancent vite nous aussi.\" \/>\n<meta property=\"og:url\" content=\"https:\/\/conseilproject-monaco.com\/?page_id=107\" \/>\n<meta property=\"og:site_name\" content=\"Conseil Project\" \/>\n<meta property=\"article:modified_time\" content=\"2025-08-25T08:39:19+00:00\" \/>\n<meta property=\"og:image\" content=\"https:\/\/conseilproject-monaco.com\/wp-content\/uploads\/2025\/07\/CONSEIL-PROJECT-LOGO-MONO-BRONZE.png\" \/>\n\t<meta property=\"og:image:width\" content=\"240\" \/>\n\t<meta property=\"og:image:height\" content=\"263\" \/>\n\t<meta property=\"og:image:type\" content=\"image\/png\" \/>\n<meta name=\"twitter:card\" content=\"summary_large_image\" \/>\n<meta name=\"twitter:label1\" content=\"Dur\u00e9e de lecture estim\u00e9e\" \/>\n\t<meta name=\"twitter:data1\" content=\"1 minute\" \/>\n<script type=\"application\/ld+json\" class=\"yoast-schema-graph\">{\"@context\":\"https:\\\/\\\/schema.org\",\"@graph\":[{\"@type\":\"WebPage\",\"@id\":\"https:\\\/\\\/conseilproject-monaco.com\\\/?page_id=107\",\"url\":\"https:\\\/\\\/conseilproject-monaco.com\\\/?page_id=107\",\"name\":\"NOUS CONTACTER - CONSEIL PROJECT\",\"isPartOf\":{\"@id\":\"https:\\\/\\\/conseilproject-monaco.com\\\/#website\"},\"primaryImageOfPage\":{\"@id\":\"https:\\\/\\\/conseilproject-monaco.com\\\/?page_id=107#primaryimage\"},\"image\":{\"@id\":\"https:\\\/\\\/conseilproject-monaco.com\\\/?page_id=107#primaryimage\"},\"thumbnailUrl\":\"https:\\\/\\\/conseilproject-monaco.com\\\/wp-content\\\/uploads\\\/2025\\\/07\\\/CONSEIL-PROJECT-LOGO-MONO-BRONZE.png\",\"datePublished\":\"2025-07-08T12:42:38+00:00\",\"dateModified\":\"2025-08-25T08:39:19+00:00\",\"description\":\"Parce que vos projets sont notre priorit\u00e9, nous nous engageons \u00e0 vous recontacter sous 48h.Vos projets avancent vite nous aussi.\",\"breadcrumb\":{\"@id\":\"https:\\\/\\\/conseilproject-monaco.com\\\/?page_id=107#breadcrumb\"},\"inLanguage\":\"fr-FR\",\"potentialAction\":[{\"@type\":\"ReadAction\",\"target\":[\"https:\\\/\\\/conseilproject-monaco.com\\\/?page_id=107\"]}]},{\"@type\":\"ImageObject\",\"inLanguage\":\"fr-FR\",\"@id\":\"https:\\\/\\\/conseilproject-monaco.com\\\/?page_id=107#primaryimage\",\"url\":\"https:\\\/\\\/conseilproject-monaco.com\\\/wp-content\\\/uploads\\\/2025\\\/07\\\/CONSEIL-PROJECT-LOGO-MONO-BRONZE.png\",\"contentUrl\":\"https:\\\/\\\/conseilproject-monaco.com\\\/wp-content\\\/uploads\\\/2025\\\/07\\\/CONSEIL-PROJECT-LOGO-MONO-BRONZE.png\",\"width\":240,\"height\":263},{\"@type\":\"BreadcrumbList\",\"@id\":\"https:\\\/\\\/conseilproject-monaco.com\\\/?page_id=107#breadcrumb\",\"itemListElement\":[{\"@type\":\"ListItem\",\"position\":1,\"name\":\"Accueil\",\"item\":\"https:\\\/\\\/conseilproject-monaco.com\\\/\"},{\"@type\":\"ListItem\",\"position\":2,\"name\":\"NOUS CONTACTER\"}]},{\"@type\":\"WebSite\",\"@id\":\"https:\\\/\\\/conseilproject-monaco.com\\\/#website\",\"url\":\"https:\\\/\\\/conseilproject-monaco.com\\\/\",\"name\":\"Conseil Project\",\"description\":\"Conseil Project\",\"publisher\":{\"@id\":\"https:\\\/\\\/conseilproject-monaco.com\\\/#organization\"},\"potentialAction\":[{\"@type\":\"SearchAction\",\"target\":{\"@type\":\"EntryPoint\",\"urlTemplate\":\"https:\\\/\\\/conseilproject-monaco.com\\\/?s={search_term_string}\"},\"query-input\":{\"@type\":\"PropertyValueSpecification\",\"valueRequired\":true,\"valueName\":\"search_term_string\"}}],\"inLanguage\":\"fr-FR\"},{\"@type\":\"Organization\",\"@id\":\"https:\\\/\\\/conseilproject-monaco.com\\\/#organization\",\"name\":\"Conseil Project\",\"url\":\"https:\\\/\\\/conseilproject-monaco.com\\\/\",\"logo\":{\"@type\":\"ImageObject\",\"inLanguage\":\"fr-FR\",\"@id\":\"https:\\\/\\\/conseilproject-monaco.com\\\/#\\\/schema\\\/logo\\\/image\\\/\",\"url\":\"https:\\\/\\\/conseilproject-monaco.com\\\/wp-content\\\/uploads\\\/2025\\\/05\\\/LOGO-CONSEIL-PROJECT.png\",\"contentUrl\":\"https:\\\/\\\/conseilproject-monaco.com\\\/wp-content\\\/uploads\\\/2025\\\/05\\\/LOGO-CONSEIL-PROJECT.png\",\"width\":23082,\"height\":2595,\"caption\":\"Conseil Project\"},\"image\":{\"@id\":\"https:\\\/\\\/conseilproject-monaco.com\\\/#\\\/schema\\\/logo\\\/image\\\/\"}}]}<\/script>\n<!-- \/ Yoast SEO plugin. -->","yoast_head_json":{"title":"NOUS CONTACTER - CONSEIL PROJECT","description":"Parce que vos projets sont notre priorit\u00e9, nous nous engageons \u00e0 vous recontacter sous 48h.Vos projets avancent vite nous aussi.","robots":{"index":"index","follow":"follow","max-snippet":"max-snippet:-1","max-image-preview":"max-image-preview:large","max-video-preview":"max-video-preview:-1"},"canonical":"https:\/\/conseilproject-monaco.com\/?page_id=107","og_locale":"fr_FR","og_type":"article","og_title":"NOUS CONTACTER - CONSEIL PROJECT","og_description":"Parce que vos projets sont notre priorit\u00e9, nous nous engageons \u00e0 vous recontacter sous 48h.Vos projets avancent vite nous aussi.","og_url":"https:\/\/conseilproject-monaco.com\/?page_id=107","og_site_name":"Conseil Project","article_modified_time":"2025-08-25T08:39:19+00:00","og_image":[{"width":240,"height":263,"url":"https:\/\/conseilproject-monaco.com\/wp-content\/uploads\/2025\/07\/CONSEIL-PROJECT-LOGO-MONO-BRONZE.png","type":"image\/png"}],"twitter_card":"summary_large_image","twitter_misc":{"Dur\u00e9e de lecture estim\u00e9e":"1 minute"},"schema":{"@context":"https:\/\/schema.org","@graph":[{"@type":"WebPage","@id":"https:\/\/conseilproject-monaco.com\/?page_id=107","url":"https:\/\/conseilproject-monaco.com\/?page_id=107","name":"NOUS CONTACTER - CONSEIL PROJECT","isPartOf":{"@id":"https:\/\/conseilproject-monaco.com\/#website"},"primaryImageOfPage":{"@id":"https:\/\/conseilproject-monaco.com\/?page_id=107#primaryimage"},"image":{"@id":"https:\/\/conseilproject-monaco.com\/?page_id=107#primaryimage"},"thumbnailUrl":"https:\/\/conseilproject-monaco.com\/wp-content\/uploads\/2025\/07\/CONSEIL-PROJECT-LOGO-MONO-BRONZE.png","datePublished":"2025-07-08T12:42:38+00:00","dateModified":"2025-08-25T08:39:19+00:00","description":"Parce que vos projets sont notre priorit\u00e9, nous nous engageons \u00e0 vous recontacter sous 48h.Vos projets avancent vite nous aussi.","breadcrumb":{"@id":"https:\/\/conseilproject-monaco.com\/?page_id=107#breadcrumb"},"inLanguage":"fr-FR","potentialAction":[{"@type":"ReadAction","target":["https:\/\/conseilproject-monaco.com\/?page_id=107"]}]},{"@type":"ImageObject","inLanguage":"fr-FR","@id":"https:\/\/conseilproject-monaco.com\/?page_id=107#primaryimage","url":"https:\/\/conseilproject-monaco.com\/wp-content\/uploads\/2025\/07\/CONSEIL-PROJECT-LOGO-MONO-BRONZE.png","contentUrl":"https:\/\/conseilproject-monaco.com\/wp-content\/uploads\/2025\/07\/CONSEIL-PROJECT-LOGO-MONO-BRONZE.png","width":240,"height":263},{"@type":"BreadcrumbList","@id":"https:\/\/conseilproject-monaco.com\/?page_id=107#breadcrumb","itemListElement":[{"@type":"ListItem","position":1,"name":"Accueil","item":"https:\/\/conseilproject-monaco.com\/"},{"@type":"ListItem","position":2,"name":"NOUS CONTACTER"}]},{"@type":"WebSite","@id":"https:\/\/conseilproject-monaco.com\/#website","url":"https:\/\/conseilproject-monaco.com\/","name":"Conseil Project","description":"Conseil Project","publisher":{"@id":"https:\/\/conseilproject-monaco.com\/#organization"},"potentialAction":[{"@type":"SearchAction","target":{"@type":"EntryPoint","urlTemplate":"https:\/\/conseilproject-monaco.com\/?s={search_term_string}"},"query-input":{"@type":"PropertyValueSpecification","valueRequired":true,"valueName":"search_term_string"}}],"inLanguage":"fr-FR"},{"@type":"Organization","@id":"https:\/\/conseilproject-monaco.com\/#organization","name":"Conseil Project","url":"https:\/\/conseilproject-monaco.com\/","logo":{"@type":"ImageObject","inLanguage":"fr-FR","@id":"https:\/\/conseilproject-monaco.com\/#\/schema\/logo\/image\/","url":"https:\/\/conseilproject-monaco.com\/wp-content\/uploads\/2025\/05\/LOGO-CONSEIL-PROJECT.png","contentUrl":"https:\/\/conseilproject-monaco.com\/wp-content\/uploads\/2025\/05\/LOGO-CONSEIL-PROJECT.png","width":23082,"height":2595,"caption":"Conseil Project"},"image":{"@id":"https:\/\/conseilproject-monaco.com\/#\/schema\/logo\/image\/"}}]}},"_links":{"self":[{"href":"https:\/\/conseilproject-monaco.com\/index.php?rest_route=\/wp\/v2\/pages\/107","targetHints":{"allow":["GET"]}}],"collection":[{"href":"https:\/\/conseilproject-monaco.com\/index.php?rest_route=\/wp\/v2\/pages"}],"about":[{"href":"https:\/\/conseilproject-monaco.com\/index.php?rest_route=\/wp\/v2\/types\/page"}],"author":[{"embeddable":true,"href":"https:\/\/conseilproject-monaco.com\/index.php?rest_route=\/wp\/v2\/users\/1"}],"replies":[{"embeddable":true,"href":"https:\/\/conseilproject-monaco.com\/index.php?rest_route=%2Fwp%2Fv2%2Fcomments&post=107"}],"version-history":[{"count":40,"href":"https:\/\/conseilproject-monaco.com\/index.php?rest_route=\/wp\/v2\/pages\/107\/revisions"}],"predecessor-version":[{"id":774,"href":"https:\/\/conseilproject-monaco.com\/index.php?rest_route=\/wp\/v2\/pages\/107\/revisions\/774"}],"wp:attachment":[{"href":"https:\/\/conseilproject-monaco.com\/index.php?rest_route=%2Fwp%2Fv2%2Fmedia&parent=107"}],"curies":[{"name":"wp","href":"https:\/\/api.w.org\/{rel}","templated":true}]}}