{"id":102,"date":"2025-07-08T12:42:38","date_gmt":"2025-07-08T12:42:38","guid":{"rendered":"https:\/\/conseilproject-monaco.com\/?page_id=102"},"modified":"2025-08-20T15:19:50","modified_gmt":"2025-08-20T15:19:50","slug":"nos-references","status":"publish","type":"page","link":"https:\/\/conseilproject-monaco.com\/?page_id=102","title":{"rendered":"NOS R\u00c9F\u00c9RENCES"},"content":{"rendered":"\t\t<div data-elementor-type=\"wp-page\" data-elementor-id=\"102\" class=\"elementor elementor-102\" data-elementor-post-type=\"page\">\n\t\t\t\t<div class=\"elementor-element elementor-element-44e4fd5 e-flex e-con-boxed e-con e-parent\" data-id=\"44e4fd5\" data-element_type=\"container\" data-e-type=\"container\" data-settings=\"{&quot;background_background&quot;:&quot;classic&quot;}\">\n\t\t\t\t\t<div class=\"e-con-inner\">\n\t\t\t\t<div class=\"elementor-element elementor-element-e21a03a elementor-widget elementor-widget-heading\" data-id=\"e21a03a\" data-element_type=\"widget\" data-e-type=\"widget\" data-widget_type=\"heading.default\">\n\t\t\t\t<div class=\"elementor-widget-container\">\n\t\t\t\t\t<h2 class=\"elementor-heading-title elementor-size-default\"> NOS REFERENCES <\/h2>\t\t\t\t<\/div>\n\t\t\t\t<\/div>\n\t\t\t\t<div class=\"elementor-element elementor-element-ed1d869 elementor-widget elementor-widget-text-editor\" data-id=\"ed1d869\" data-element_type=\"widget\" data-e-type=\"widget\" data-widget_type=\"text-editor.default\">\n\t\t\t\t<div class=\"elementor-widget-container\">\n\t\t\t\t\t\t\t\t\t<p><span style=\"white-space-collapse: preserve;\">Votre projet est pr\u00e9cieux. Confiez-le \u00e0 CONSEIL PROJECT, votre alli\u00e9 de confiance. <\/span><\/p>\t\t\t\t\t\t\t\t<\/div>\n\t\t\t\t<\/div>\n\t\t\t\t\t<\/div>\n\t\t\t\t<\/div>\n\t\t<div class=\"elementor-element elementor-element-9ec93d3 e-flex e-con-boxed e-con e-parent\" data-id=\"9ec93d3\" data-element_type=\"container\" data-e-type=\"container\" data-settings=\"{&quot;background_background&quot;:&quot;classic&quot;}\">\n\t\t\t\t\t<div class=\"e-con-inner\">\n\t\t<div class=\"elementor-element elementor-element-39b0b97 e-grid e-con-full e-con e-child\" data-id=\"39b0b97\" data-element_type=\"container\" data-e-type=\"container\">\n\t\t<div class=\"elementor-element elementor-element-2ada263 e-con-full e-flex e-con e-child\" data-id=\"2ada263\" data-element_type=\"container\" data-e-type=\"container\" data-settings=\"{&quot;background_background&quot;:&quot;classic&quot;}\">\n\t\t\t\t<div class=\"elementor-element elementor-element-3791fba elementor-widget elementor-widget-image\" data-id=\"3791fba\" data-element_type=\"widget\" data-e-type=\"widget\" data-widget_type=\"image.default\">\n\t\t\t\t<div class=\"elementor-widget-container\">\n\t\t\t\t\t\t\t\t\t\t\t\t\t\t\t\t<a href=\"https:\/\/www.marfin.mc\/\" target=\"_blank\">\n\t\t\t\t\t\t\t<img fetchpriority=\"high\" decoding=\"async\" width=\"388\" height=\"388\" src=\"https:\/\/conseilproject-monaco.com\/wp-content\/uploads\/2025\/07\/Group-68.png\" class=\"attachment-large size-large wp-image-565\" alt=\"MARFIN \u2013 r\u00e9f\u00e9rence client de Conseil Project pour l\u2019accompagnement de projet \u00e0 Monaco\" srcset=\"https:\/\/conseilproject-monaco.com\/wp-content\/uploads\/2025\/07\/Group-68.png 388w, https:\/\/conseilproject-monaco.com\/wp-content\/uploads\/2025\/07\/Group-68-300x300.png 300w, https:\/\/conseilproject-monaco.com\/wp-content\/uploads\/2025\/07\/Group-68-150x150.png 150w\" sizes=\"(max-width: 388px) 100vw, 388px\" \/>\t\t\t\t\t\t\t\t<\/a>\n\t\t\t\t\t\t\t\t\t\t\t\t\t\t\t<\/div>\n\t\t\t\t<\/div>\n\t\t\t\t<\/div>\n\t\t<div class=\"elementor-element elementor-element-cd15543 e-con-full e-flex e-con e-child\" data-id=\"cd15543\" data-element_type=\"container\" data-e-type=\"container\" data-settings=\"{&quot;background_background&quot;:&quot;classic&quot;}\">\n\t\t\t\t<div class=\"elementor-element elementor-element-c85d8ea elementor-widget elementor-widget-image\" data-id=\"c85d8ea\" data-element_type=\"widget\" data-e-type=\"widget\" data-widget_type=\"image.default\">\n\t\t\t\t<div class=\"elementor-widget-container\">\n\t\t\t\t\t\t\t\t\t\t\t\t\t\t\t\t<a href=\"https:\/\/lacliniquemontecarlo.com\/?_gl=1%2Ayq2ju8%2A_up%2AMQ..%2A_gs%2AMQ..&#038;gbraid=0AAAAAp2avMmP9-IypX5BHIp3fUeiJtL32\" target=\"_blank\">\n\t\t\t\t\t\t\t<img decoding=\"async\" width=\"388\" height=\"388\" src=\"https:\/\/conseilproject-monaco.com\/wp-content\/uploads\/2025\/07\/Group-71.png\" class=\"attachment-large size-large wp-image-564\" alt=\"LA CLINIQUE MONTE-CARLO \u2013 r\u00e9f\u00e9rence client de Conseil Project pour l\u2019accompagnement de projet \u00e0 Monaco\" srcset=\"https:\/\/conseilproject-monaco.com\/wp-content\/uploads\/2025\/07\/Group-71.png 388w, https:\/\/conseilproject-monaco.com\/wp-content\/uploads\/2025\/07\/Group-71-300x300.png 300w, https:\/\/conseilproject-monaco.com\/wp-content\/uploads\/2025\/07\/Group-71-150x150.png 150w\" sizes=\"(max-width: 388px) 100vw, 388px\" \/>\t\t\t\t\t\t\t\t<\/a>\n\t\t\t\t\t\t\t\t\t\t\t\t\t\t\t<\/div>\n\t\t\t\t<\/div>\n\t\t\t\t<\/div>\n\t\t<div class=\"elementor-element elementor-element-6b9c5b7 e-con-full e-flex e-con e-child\" data-id=\"6b9c5b7\" data-element_type=\"container\" data-e-type=\"container\" data-settings=\"{&quot;background_background&quot;:&quot;classic&quot;}\">\n\t\t\t\t<div class=\"elementor-element elementor-element-e8d7dcb elementor-widget elementor-widget-image\" data-id=\"e8d7dcb\" data-element_type=\"widget\" data-e-type=\"widget\" data-widget_type=\"image.default\">\n\t\t\t\t<div class=\"elementor-widget-container\">\n\t\t\t\t\t\t\t\t\t\t\t\t\t\t\t\t<a href=\"https:\/\/www.lofrealestate.com\/fr\/\" target=\"_blank\">\n\t\t\t\t\t\t\t<img decoding=\"async\" width=\"388\" height=\"388\" src=\"https:\/\/conseilproject-monaco.com\/wp-content\/uploads\/2025\/07\/Group-72.png\" class=\"attachment-large size-large wp-image-563\" alt=\"Lopez de la Osa &amp; Franco Real Estate \u2013 r\u00e9f\u00e9rence client de Conseil Project pour l\u2019accompagnement de projet \u00e0 Monaco\" srcset=\"https:\/\/conseilproject-monaco.com\/wp-content\/uploads\/2025\/07\/Group-72.png 388w, https:\/\/conseilproject-monaco.com\/wp-content\/uploads\/2025\/07\/Group-72-300x300.png 300w, https:\/\/conseilproject-monaco.com\/wp-content\/uploads\/2025\/07\/Group-72-150x150.png 150w\" sizes=\"(max-width: 388px) 100vw, 388px\" \/>\t\t\t\t\t\t\t\t<\/a>\n\t\t\t\t\t\t\t\t\t\t\t\t\t\t\t<\/div>\n\t\t\t\t<\/div>\n\t\t\t\t<\/div>\n\t\t<div class=\"elementor-element elementor-element-e111e15 e-con-full e-flex e-con e-child\" data-id=\"e111e15\" data-element_type=\"container\" data-e-type=\"container\" data-settings=\"{&quot;background_background&quot;:&quot;classic&quot;}\">\n\t\t\t\t<div class=\"elementor-element elementor-element-ced741a elementor-widget elementor-widget-image\" data-id=\"ced741a\" data-element_type=\"widget\" data-e-type=\"widget\" data-widget_type=\"image.default\">\n\t\t\t\t<div class=\"elementor-widget-container\">\n\t\t\t\t\t\t\t\t\t\t\t\t\t\t\t\t<a href=\"https:\/\/waldorfprivateoffice.com\/\" target=\"_blank\">\n\t\t\t\t\t\t\t<img loading=\"lazy\" decoding=\"async\" width=\"388\" height=\"388\" src=\"https:\/\/conseilproject-monaco.com\/wp-content\/uploads\/2025\/07\/Group-73.png\" class=\"attachment-large size-large wp-image-562\" alt=\"WALDORF \u2013 r\u00e9f\u00e9rence client de Conseil Project pour l\u2019accompagnement de projet \u00e0 Monaco\" srcset=\"https:\/\/conseilproject-monaco.com\/wp-content\/uploads\/2025\/07\/Group-73.png 388w, https:\/\/conseilproject-monaco.com\/wp-content\/uploads\/2025\/07\/Group-73-300x300.png 300w, https:\/\/conseilproject-monaco.com\/wp-content\/uploads\/2025\/07\/Group-73-150x150.png 150w\" sizes=\"(max-width: 388px) 100vw, 388px\" \/>\t\t\t\t\t\t\t\t<\/a>\n\t\t\t\t\t\t\t\t\t\t\t\t\t\t\t<\/div>\n\t\t\t\t<\/div>\n\t\t\t\t<\/div>\n\t\t<div class=\"elementor-element elementor-element-bfc9ca9 e-con-full e-flex e-con e-child\" data-id=\"bfc9ca9\" data-element_type=\"container\" data-e-type=\"container\" data-settings=\"{&quot;background_background&quot;:&quot;classic&quot;}\">\n\t\t\t\t<div class=\"elementor-element elementor-element-9b2ee43 elementor-widget elementor-widget-image\" data-id=\"9b2ee43\" data-element_type=\"widget\" data-e-type=\"widget\" data-widget_type=\"image.default\">\n\t\t\t\t<div class=\"elementor-widget-container\">\n\t\t\t\t\t\t\t\t\t\t\t\t\t\t\t\t<a href=\"https:\/\/alltime.mc\/\" target=\"_blank\">\n\t\t\t\t\t\t\t<img loading=\"lazy\" decoding=\"async\" width=\"388\" height=\"388\" src=\"https:\/\/conseilproject-monaco.com\/wp-content\/uploads\/2025\/07\/Group-66.png\" class=\"attachment-large size-large wp-image-567\" alt=\"AT \u2013 r\u00e9f\u00e9rence client de Conseil Project pour l\u2019accompagnement de projet \u00e0 Monaco\" srcset=\"https:\/\/conseilproject-monaco.com\/wp-content\/uploads\/2025\/07\/Group-66.png 388w, https:\/\/conseilproject-monaco.com\/wp-content\/uploads\/2025\/07\/Group-66-300x300.png 300w, https:\/\/conseilproject-monaco.com\/wp-content\/uploads\/2025\/07\/Group-66-150x150.png 150w\" sizes=\"(max-width: 388px) 100vw, 388px\" \/>\t\t\t\t\t\t\t\t<\/a>\n\t\t\t\t\t\t\t\t\t\t\t\t\t\t\t<\/div>\n\t\t\t\t<\/div>\n\t\t\t\t<\/div>\n\t\t<div class=\"elementor-element elementor-element-9755ea1 e-con-full e-flex e-con e-child\" data-id=\"9755ea1\" data-element_type=\"container\" data-e-type=\"container\">\n\t\t\t\t<\/div>\n\t\t<div class=\"elementor-element elementor-element-9194455 e-con-full e-flex e-con e-child\" data-id=\"9194455\" data-element_type=\"container\" data-e-type=\"container\">\n\t\t\t\t<\/div>\n\t\t<div class=\"elementor-element elementor-element-273d68e e-con-full e-flex e-con e-child\" data-id=\"273d68e\" data-element_type=\"container\" data-e-type=\"container\">\n\t\t\t\t<\/div>\n\t\t<div class=\"elementor-element elementor-element-bd519a0 e-con-full e-flex e-con e-child\" data-id=\"bd519a0\" data-element_type=\"container\" data-e-type=\"container\">\n\t\t\t\t<div class=\"elementor-element elementor-element-e05e943 elementor-tablet-align-center elementor-align-right elementor-widget elementor-widget-button\" data-id=\"e05e943\" data-element_type=\"widget\" data-e-type=\"widget\" data-widget_type=\"button.default\">\n\t\t\t\t<div class=\"elementor-widget-container\">\n\t\t\t\t\t\t\t\t\t<div class=\"elementor-button-wrapper\">\n\t\t\t\t\t<a class=\"elementor-button elementor-button-link elementor-size-sm\" href=\"https:\/\/conseilproject-monaco.com\/?page_id=107\">\n\t\t\t\t\t\t<span class=\"elementor-button-content-wrapper\">\n\t\t\t\t\t\t\t\t\t<span class=\"elementor-button-text\">Nous contacter<\/span>\n\t\t\t\t\t<\/span>\n\t\t\t\t\t<\/a>\n\t\t\t\t<\/div>\n\t\t\t\t\t\t\t\t<\/div>\n\t\t\t\t<\/div>\n\t\t\t\t<\/div>\n\t\t\t\t<\/div>\n\t\t\t\t\t<\/div>\n\t\t\t\t<\/div>\n\t\t\t\t<\/div>\n\t\t","protected":false},"excerpt":{"rendered":"<p>NOS REFERENCES Votre projet est pr\u00e9cieux. Confiez-le \u00e0 CONSEIL PROJECT, votre alli\u00e9 de confiance. Nous contacter<\/p>\n","protected":false},"author":1,"featured_media":0,"parent":0,"menu_order":0,"comment_status":"closed","ping_status":"closed","template":"","meta":{"footnotes":""},"class_list":["post-102","page","type-page","status-publish","hentry"],"yoast_head":"<!-- This site is optimized with the Yoast SEO plugin v27.3 - https:\/\/yoast.com\/product\/yoast-seo-wordpress\/ -->\n<title>NOS R\u00c9F\u00c9RENCES - CONSEIL PROEJECT<\/title>\n<meta name=\"description\" content=\"Nos r\u00e9f\u00e9rences t\u00e9moignent de la confiance accord\u00e9e \u00e0 Conseil Project par des entreprises et clients priv\u00e9s. D\u00e9couvrez nos partenaires !\" \/>\n<meta name=\"robots\" content=\"index, follow, max-snippet:-1, max-image-preview:large, max-video-preview:-1\" \/>\n<link rel=\"canonical\" href=\"https:\/\/conseilproject-monaco.com\/?page_id=102\" \/>\n<meta property=\"og:locale\" content=\"fr_FR\" \/>\n<meta property=\"og:type\" content=\"article\" \/>\n<meta property=\"og:title\" content=\"NOS R\u00c9F\u00c9RENCES - CONSEIL PROEJECT\" \/>\n<meta property=\"og:description\" content=\"Nos r\u00e9f\u00e9rences t\u00e9moignent de la confiance accord\u00e9e \u00e0 Conseil Project par des entreprises et clients priv\u00e9s. D\u00e9couvrez nos partenaires !\" \/>\n<meta property=\"og:url\" content=\"https:\/\/conseilproject-monaco.com\/?page_id=102\" \/>\n<meta property=\"og:site_name\" content=\"Conseil Project\" \/>\n<meta property=\"article:modified_time\" content=\"2025-08-20T15:19:50+00:00\" \/>\n<meta property=\"og:image\" content=\"https:\/\/conseilproject-monaco.com\/wp-content\/uploads\/2025\/07\/Group-68.png\" \/>\n<meta name=\"twitter:card\" content=\"summary_large_image\" \/>\n<meta name=\"twitter:label1\" content=\"Dur\u00e9e de lecture estim\u00e9e\" \/>\n\t<meta name=\"twitter:data1\" content=\"2 minutes\" \/>\n<script type=\"application\/ld+json\" class=\"yoast-schema-graph\">{\"@context\":\"https:\\\/\\\/schema.org\",\"@graph\":[{\"@type\":\"WebPage\",\"@id\":\"https:\\\/\\\/conseilproject-monaco.com\\\/?page_id=102\",\"url\":\"https:\\\/\\\/conseilproject-monaco.com\\\/?page_id=102\",\"name\":\"NOS R\u00c9F\u00c9RENCES - CONSEIL PROEJECT\",\"isPartOf\":{\"@id\":\"https:\\\/\\\/conseilproject-monaco.com\\\/#website\"},\"primaryImageOfPage\":{\"@id\":\"https:\\\/\\\/conseilproject-monaco.com\\\/?page_id=102#primaryimage\"},\"image\":{\"@id\":\"https:\\\/\\\/conseilproject-monaco.com\\\/?page_id=102#primaryimage\"},\"thumbnailUrl\":\"https:\\\/\\\/conseilproject-monaco.com\\\/wp-content\\\/uploads\\\/2025\\\/07\\\/Group-68.png\",\"datePublished\":\"2025-07-08T12:42:38+00:00\",\"dateModified\":\"2025-08-20T15:19:50+00:00\",\"description\":\"Nos r\u00e9f\u00e9rences t\u00e9moignent de la confiance accord\u00e9e \u00e0 Conseil Project par des entreprises et clients priv\u00e9s. D\u00e9couvrez nos partenaires !\",\"breadcrumb\":{\"@id\":\"https:\\\/\\\/conseilproject-monaco.com\\\/?page_id=102#breadcrumb\"},\"inLanguage\":\"fr-FR\",\"potentialAction\":[{\"@type\":\"ReadAction\",\"target\":[\"https:\\\/\\\/conseilproject-monaco.com\\\/?page_id=102\"]}]},{\"@type\":\"ImageObject\",\"inLanguage\":\"fr-FR\",\"@id\":\"https:\\\/\\\/conseilproject-monaco.com\\\/?page_id=102#primaryimage\",\"url\":\"https:\\\/\\\/conseilproject-monaco.com\\\/wp-content\\\/uploads\\\/2025\\\/07\\\/Group-68.png\",\"contentUrl\":\"https:\\\/\\\/conseilproject-monaco.com\\\/wp-content\\\/uploads\\\/2025\\\/07\\\/Group-68.png\",\"width\":388,\"height\":388,\"caption\":\"MARFIN \u2013 r\u00e9f\u00e9rence client de Conseil Project pour l\u2019accompagnement de projet \u00e0 Monaco\"},{\"@type\":\"BreadcrumbList\",\"@id\":\"https:\\\/\\\/conseilproject-monaco.com\\\/?page_id=102#breadcrumb\",\"itemListElement\":[{\"@type\":\"ListItem\",\"position\":1,\"name\":\"Accueil\",\"item\":\"https:\\\/\\\/conseilproject-monaco.com\\\/\"},{\"@type\":\"ListItem\",\"position\":2,\"name\":\"NOS R\u00c9F\u00c9RENCES\"}]},{\"@type\":\"WebSite\",\"@id\":\"https:\\\/\\\/conseilproject-monaco.com\\\/#website\",\"url\":\"https:\\\/\\\/conseilproject-monaco.com\\\/\",\"name\":\"Conseil Project\",\"description\":\"Conseil Project\",\"publisher\":{\"@id\":\"https:\\\/\\\/conseilproject-monaco.com\\\/#organization\"},\"potentialAction\":[{\"@type\":\"SearchAction\",\"target\":{\"@type\":\"EntryPoint\",\"urlTemplate\":\"https:\\\/\\\/conseilproject-monaco.com\\\/?s={search_term_string}\"},\"query-input\":{\"@type\":\"PropertyValueSpecification\",\"valueRequired\":true,\"valueName\":\"search_term_string\"}}],\"inLanguage\":\"fr-FR\"},{\"@type\":\"Organization\",\"@id\":\"https:\\\/\\\/conseilproject-monaco.com\\\/#organization\",\"name\":\"Conseil Project\",\"url\":\"https:\\\/\\\/conseilproject-monaco.com\\\/\",\"logo\":{\"@type\":\"ImageObject\",\"inLanguage\":\"fr-FR\",\"@id\":\"https:\\\/\\\/conseilproject-monaco.com\\\/#\\\/schema\\\/logo\\\/image\\\/\",\"url\":\"https:\\\/\\\/conseilproject-monaco.com\\\/wp-content\\\/uploads\\\/2025\\\/05\\\/LOGO-CONSEIL-PROJECT.png\",\"contentUrl\":\"https:\\\/\\\/conseilproject-monaco.com\\\/wp-content\\\/uploads\\\/2025\\\/05\\\/LOGO-CONSEIL-PROJECT.png\",\"width\":23082,\"height\":2595,\"caption\":\"Conseil Project\"},\"image\":{\"@id\":\"https:\\\/\\\/conseilproject-monaco.com\\\/#\\\/schema\\\/logo\\\/image\\\/\"}}]}<\/script>\n<!-- \/ Yoast SEO plugin. -->","yoast_head_json":{"title":"NOS R\u00c9F\u00c9RENCES - CONSEIL PROEJECT","description":"Nos r\u00e9f\u00e9rences t\u00e9moignent de la confiance accord\u00e9e \u00e0 Conseil Project par des entreprises et clients priv\u00e9s. D\u00e9couvrez nos partenaires !","robots":{"index":"index","follow":"follow","max-snippet":"max-snippet:-1","max-image-preview":"max-image-preview:large","max-video-preview":"max-video-preview:-1"},"canonical":"https:\/\/conseilproject-monaco.com\/?page_id=102","og_locale":"fr_FR","og_type":"article","og_title":"NOS R\u00c9F\u00c9RENCES - CONSEIL PROEJECT","og_description":"Nos r\u00e9f\u00e9rences t\u00e9moignent de la confiance accord\u00e9e \u00e0 Conseil Project par des entreprises et clients priv\u00e9s. D\u00e9couvrez nos partenaires !","og_url":"https:\/\/conseilproject-monaco.com\/?page_id=102","og_site_name":"Conseil Project","article_modified_time":"2025-08-20T15:19:50+00:00","og_image":[{"url":"https:\/\/conseilproject-monaco.com\/wp-content\/uploads\/2025\/07\/Group-68.png","type":"","width":"","height":""}],"twitter_card":"summary_large_image","twitter_misc":{"Dur\u00e9e de lecture estim\u00e9e":"2 minutes"},"schema":{"@context":"https:\/\/schema.org","@graph":[{"@type":"WebPage","@id":"https:\/\/conseilproject-monaco.com\/?page_id=102","url":"https:\/\/conseilproject-monaco.com\/?page_id=102","name":"NOS R\u00c9F\u00c9RENCES - CONSEIL PROEJECT","isPartOf":{"@id":"https:\/\/conseilproject-monaco.com\/#website"},"primaryImageOfPage":{"@id":"https:\/\/conseilproject-monaco.com\/?page_id=102#primaryimage"},"image":{"@id":"https:\/\/conseilproject-monaco.com\/?page_id=102#primaryimage"},"thumbnailUrl":"https:\/\/conseilproject-monaco.com\/wp-content\/uploads\/2025\/07\/Group-68.png","datePublished":"2025-07-08T12:42:38+00:00","dateModified":"2025-08-20T15:19:50+00:00","description":"Nos r\u00e9f\u00e9rences t\u00e9moignent de la confiance accord\u00e9e \u00e0 Conseil Project par des entreprises et clients priv\u00e9s. D\u00e9couvrez nos partenaires !","breadcrumb":{"@id":"https:\/\/conseilproject-monaco.com\/?page_id=102#breadcrumb"},"inLanguage":"fr-FR","potentialAction":[{"@type":"ReadAction","target":["https:\/\/conseilproject-monaco.com\/?page_id=102"]}]},{"@type":"ImageObject","inLanguage":"fr-FR","@id":"https:\/\/conseilproject-monaco.com\/?page_id=102#primaryimage","url":"https:\/\/conseilproject-monaco.com\/wp-content\/uploads\/2025\/07\/Group-68.png","contentUrl":"https:\/\/conseilproject-monaco.com\/wp-content\/uploads\/2025\/07\/Group-68.png","width":388,"height":388,"caption":"MARFIN \u2013 r\u00e9f\u00e9rence client de Conseil Project pour l\u2019accompagnement de projet \u00e0 Monaco"},{"@type":"BreadcrumbList","@id":"https:\/\/conseilproject-monaco.com\/?page_id=102#breadcrumb","itemListElement":[{"@type":"ListItem","position":1,"name":"Accueil","item":"https:\/\/conseilproject-monaco.com\/"},{"@type":"ListItem","position":2,"name":"NOS R\u00c9F\u00c9RENCES"}]},{"@type":"WebSite","@id":"https:\/\/conseilproject-monaco.com\/#website","url":"https:\/\/conseilproject-monaco.com\/","name":"Conseil Project","description":"Conseil Project","publisher":{"@id":"https:\/\/conseilproject-monaco.com\/#organization"},"potentialAction":[{"@type":"SearchAction","target":{"@type":"EntryPoint","urlTemplate":"https:\/\/conseilproject-monaco.com\/?s={search_term_string}"},"query-input":{"@type":"PropertyValueSpecification","valueRequired":true,"valueName":"search_term_string"}}],"inLanguage":"fr-FR"},{"@type":"Organization","@id":"https:\/\/conseilproject-monaco.com\/#organization","name":"Conseil Project","url":"https:\/\/conseilproject-monaco.com\/","logo":{"@type":"ImageObject","inLanguage":"fr-FR","@id":"https:\/\/conseilproject-monaco.com\/#\/schema\/logo\/image\/","url":"https:\/\/conseilproject-monaco.com\/wp-content\/uploads\/2025\/05\/LOGO-CONSEIL-PROJECT.png","contentUrl":"https:\/\/conseilproject-monaco.com\/wp-content\/uploads\/2025\/05\/LOGO-CONSEIL-PROJECT.png","width":23082,"height":2595,"caption":"Conseil Project"},"image":{"@id":"https:\/\/conseilproject-monaco.com\/#\/schema\/logo\/image\/"}}]}},"_links":{"self":[{"href":"https:\/\/conseilproject-monaco.com\/index.php?rest_route=\/wp\/v2\/pages\/102","targetHints":{"allow":["GET"]}}],"collection":[{"href":"https:\/\/conseilproject-monaco.com\/index.php?rest_route=\/wp\/v2\/pages"}],"about":[{"href":"https:\/\/conseilproject-monaco.com\/index.php?rest_route=\/wp\/v2\/types\/page"}],"author":[{"embeddable":true,"href":"https:\/\/conseilproject-monaco.com\/index.php?rest_route=\/wp\/v2\/users\/1"}],"replies":[{"embeddable":true,"href":"https:\/\/conseilproject-monaco.com\/index.php?rest_route=%2Fwp%2Fv2%2Fcomments&post=102"}],"version-history":[{"count":58,"href":"https:\/\/conseilproject-monaco.com\/index.php?rest_route=\/wp\/v2\/pages\/102\/revisions"}],"predecessor-version":[{"id":764,"href":"https:\/\/conseilproject-monaco.com\/index.php?rest_route=\/wp\/v2\/pages\/102\/revisions\/764"}],"wp:attachment":[{"href":"https:\/\/conseilproject-monaco.com\/index.php?rest_route=%2Fwp%2Fv2%2Fmedia&parent=102"}],"curies":[{"name":"wp","href":"https:\/\/api.w.org\/{rel}","templated":true}]}}